{"id":2029,"date":"2025-03-20T14:49:50","date_gmt":"2025-03-20T14:49:50","guid":{"rendered":"https:\/\/above-beyond.de\/?page_id=2029"},"modified":"2025-04-17T11:34:27","modified_gmt":"2025-04-17T11:34:27","slug":"programm-und-projektmanagement","status":"publish","type":"page","link":"https:\/\/above-beyond.de\/en\/programm-und-projektmanagement\/","title":{"rendered":"Program and project management"},"content":{"rendered":"<div data-elementor-type=\"wp-page\" data-elementor-id=\"2029\" class=\"elementor elementor-2029\">\n\t\t\t\t<header class=\"elementor-element elementor-element-516575c e-flex e-con-boxed e-con e-parent\" data-id=\"516575c\" data-element_type=\"container\" data-e-type=\"container\" data-settings=\"{&quot;background_background&quot;:&quot;classic&quot;,&quot;shape_divider_bottom&quot;:&quot;triangle-asymmetrical&quot;}\">\n\t\t\t\t\t<div class=\"e-con-inner\">\n\t\t\t\t<div class=\"elementor-shape elementor-shape-bottom\" aria-hidden=\"true\" data-negative=\"false\">\n\t\t\t<svg xmlns=\"http:\/\/www.w3.org\/2000\/svg\" viewbox=\"0 0 1000 100\" preserveaspectratio=\"none\">\n\t<path class=\"elementor-shape-fill\" d=\"M738,99l262-93V0H0v5.6L738,99z\"\/>\n<\/svg>\t\t<\/div>\n\t\t<div class=\"elementor-element elementor-element-e6092f2 e-con-full e-flex e-con e-child\" data-id=\"e6092f2\" data-element_type=\"container\" data-e-type=\"container\">\n\t\t<div class=\"elementor-element elementor-element-a4e4f22 e-con-full e-flex e-con e-child\" data-id=\"a4e4f22\" data-element_type=\"container\" data-e-type=\"container\">\n\t\t<div class=\"elementor-element elementor-element-0a96589 e-con-full e-flex e-con e-child\" data-id=\"0a96589\" data-element_type=\"container\" data-e-type=\"container\">\n\t\t\t\t<div class=\"elementor-element elementor-element-a358021 elementor-widget__width-initial elementor-widget elementor-widget-image\" data-id=\"a358021\" data-element_type=\"widget\" data-e-type=\"widget\" data-widget_type=\"image.default\">\n\t\t\t\t<div class=\"elementor-widget-container\">\n\t\t\t\t\t\t\t\t\t\t\t\t\t\t\t<img fetchpriority=\"high\" decoding=\"async\" width=\"426\" height=\"181\" src=\"https:\/\/above-beyond.de\/wp-content\/uploads\/2025\/02\/AB-llooggoo.png\" class=\"attachment-large size-large wp-image-1366\" alt=\"\" \/>\t\t\t\t\t\t\t\t\t\t\t\t\t\t\t<\/div>\n\t\t\t\t<\/div>\n\t\t\t\t<\/div>\n\t\t<div class=\"elementor-element elementor-element-a98d440 e-con-full e-flex e-con e-child\" data-id=\"a98d440\" data-element_type=\"container\" data-e-type=\"container\">\n\t\t\t\t<div class=\"elementor-element elementor-element-4c29888 elementor-widget elementor-widget-heading\" data-id=\"4c29888\" data-element_type=\"widget\" data-e-type=\"widget\" data-widget_type=\"heading.default\">\n\t\t\t\t<div class=\"elementor-widget-container\">\n\t\t\t\t\t<h2 class=\"elementor-heading-title elementor-size-default\">Programs and projects<\/h2>\t\t\t\t<\/div>\n\t\t\t\t<\/div>\n\t\t\t\t<\/div>\n\t\t\t\t<\/div>\n\t\t\t\t<\/div>\n\t\t\t\t\t<\/div>\n\t\t\t\t<\/header>\n\t\t<div class=\"elementor-element elementor-element-603e5e1 e-flex e-con-boxed e-con e-parent\" data-id=\"603e5e1\" data-element_type=\"container\" data-e-type=\"container\" data-settings=\"{&quot;background_background&quot;:&quot;classic&quot;,&quot;shape_divider_top&quot;:&quot;mountains&quot;,&quot;shape_divider_bottom&quot;:&quot;waves&quot;}\">\n\t\t\t\t\t<div class=\"e-con-inner\">\n\t\t\t\t<div class=\"elementor-shape elementor-shape-top\" aria-hidden=\"true\" data-negative=\"false\">\n\t\t\t<svg xmlns=\"http:\/\/www.w3.org\/2000\/svg\" viewbox=\"0 0 1000 100\" preserveaspectratio=\"none\">\n\t<path class=\"elementor-shape-fill\" opacity=\"0.33\" d=\"M473,67.3c-203.9,88.3-263.1-34-320.3,0C66,119.1,0,59.7,0,59.7V0h1000v59.7 c0,0-62.1,26.1-94.9,29.3c-32.8,3.3-62.8-12.3-75.8-22.1C806,49.6,745.3,8.7,694.9,4.7S492.4,59,473,67.3z\"\/>\n\t<path class=\"elementor-shape-fill\" opacity=\"0.66\" d=\"M734,67.3c-45.5,0-77.2-23.2-129.1-39.1c-28.6-8.7-150.3-10.1-254,39.1 s-91.7-34.4-149.2,0C115.7,118.3,0,39.8,0,39.8V0h1000v36.5c0,0-28.2-18.5-92.1-18.5C810.2,18.1,775.7,67.3,734,67.3z\"\/>\n\t<path class=\"elementor-shape-fill\" d=\"M766.1,28.9c-200-57.5-266,65.5-395.1,19.5C242,1.8,242,5.4,184.8,20.6C128,35.8,132.3,44.9,89.9,52.5C28.6,63.7,0,0,0,0 h1000c0,0-9.9,40.9-83.6,48.1S829.6,47,766.1,28.9z\"\/>\n<\/svg>\t\t<\/div>\n\t\t\t\t<div class=\"elementor-shape elementor-shape-bottom\" aria-hidden=\"true\" data-negative=\"false\">\n\t\t\t<svg xmlns=\"http:\/\/www.w3.org\/2000\/svg\" viewbox=\"0 0 1000 100\" preserveaspectratio=\"none\">\n\t<path class=\"elementor-shape-fill\" d=\"M421.9,6.5c22.6-2.5,51.5,0.4,75.5,5.3c23.6,4.9,70.9,23.5,100.5,35.7c75.8,32.2,133.7,44.5,192.6,49.7\tc23.6,2.1,48.7,3.5,103.4-2.5c54.7-6,106.2-25.6,106.2-25.6V0H0v30.3c0,0,72,32.6,158.4,30.5c39.2-0.7,92.8-6.7,134-22.4\tc21.2-8.1,52.2-18.2,79.7-24.2C399.3,7.9,411.6,7.5,421.9,6.5z\"\/>\n<\/svg>\t\t<\/div>\n\t\t<div class=\"elementor-element elementor-element-a1c65e7 e-con-full e-flex e-con e-child\" data-id=\"a1c65e7\" data-element_type=\"container\" data-e-type=\"container\">\n\t\t\t\t<div class=\"elementor-element elementor-element-c033ba0 elementor-widget elementor-widget-text-editor\" data-id=\"c033ba0\" data-element_type=\"widget\" data-e-type=\"widget\" data-widget_type=\"text-editor.default\">\n\t\t\t\t<div class=\"elementor-widget-container\">\n\t\t\t\t\t\t\t\t\t<p>The implementation of complex transformation, digitalization or finance projects requires structured and professional program and project management. Companies can only implement their projects successfully and efficiently with a clear strategy, effective management and end-to-end quality assurance. We offer you tailor-made solutions to implement your programs and projects in a targeted, low-risk and sustainable manner.<\/p><p>\u00a0<\/p><h2><b>Our program &amp; project management services<\/b><\/h2><p class=\"translation-block\"><span style=\"color: #0087be\">\u2714 <b>(Multi-)Program and Project Management<\/b><\/span><br>\nWe take on the structured management and coordination of complex transformation projects - whether individual initiatives or comprehensive multi-program management structures.\nWe integrate both SAP and non-SAP projects into a holistic roadmap in order to minimize dependencies and make the best possible use of synergies.<\/p><p class=\"translation-block\"><span style=\"color: #0087be\">\u2714 <b>Quality assurance<\/b><\/span><br>\nTo ensure the long-term success of your projects, we rely on continuous quality monitoring.\nThrough independent reviews, milestone checks and targeted analyses, we ensure that project goals are achieved and risks are identified at an early stage.<\/p><p class=\"translation-block\"><span style=\"color: #0087be\">\u2714 <b>Project Management Office (PMO) Services<\/b><\/span><br>\nA strong PMO is the backbone of successful project management. Our experts support you in the strategic and operational implementation of your projects, define clear structures, processes and governance models and ensure the smooth coordination of all parties involved.<\/p><p class=\"translation-block\"><span style=\"color: #0087be\">\u2714<b> Risk management<\/b><\/span><br>\nEvery project harbours uncertainties - but with the right risk management, potential challenges can be identified and mitigated at an early stage. We analyze project-specific risks, develop measures to minimize risks and support you with proven methods for successful management.<\/p><p class=\"translation-block\"><span style=\"color: #0087be\">\u2714 <b>Change &amp; Stakeholder Management<\/b><\/span><br>\nSuccessful transformations rarely fail due to technologies, but often due to insufficient acceptance and communication. We support you in accompanying change processes with customized communication and enablement strategies. In this way, we ensure that all stakeholders are involved and that the change is sustainably anchored.<\/p><p>\u00a0<\/p><h2><b>Comprehensive support for your transformation projects<\/b><\/h2><p>Ob in den Bereichen <b>Transformation &amp; Organization<\/b>, <b>Digitization &amp; Technology<\/b> oder <b>Finance<\/b> \u2013 unser Programm- und Projektmanagement sorgt f\u00fcr Klarheit, Struktur und erfolgreiche Umsetzung. Mit unserem fundierten Fachwissen und praxiserprobten Methoden stehen wir Ihnen als verl\u00e4sslicher Partner zur Seite und begleiten Sie von der strategischen Planung bis zur operativen Umsetzung.<\/p><p>\u00a0<\/p><p><span style=\"color: #0087be;\"><b>Let us lead your projects to success together - contact us!<\/b><\/span><\/p>\t\t\t\t\t\t\t\t<\/div>\n\t\t\t\t<\/div>\n\t\t\t\t<\/div>\n\t\t\t\t\t<\/div>\n\t\t\t\t<\/div>\n\t\t\t\t<\/div>","protected":false},"excerpt":{"rendered":"<p>Programme und Projekte Die Umsetzung komplexer Transformations-, Digitalisierungs- oder Finanzprojekte erfordert ein strukturiertes und professionelles Programm- und Projektmanagement. Nur mit einer klaren Strategie, effektiver Steuerung und durchg\u00e4ngiger Qualit\u00e4tssicherung k\u00f6nnen Unternehmen ihre Projekte erfolgreich und effizient realisieren. Wir bieten Ihnen ma\u00dfgeschneiderte L\u00f6sungen, um Ihre Programme und Projekte zielgerichtet, risikoarm und nachhaltig umzusetzen. \u00a0 Unsere Services im [&hellip;]<\/p>\n","protected":false},"author":1,"featured_media":0,"parent":0,"menu_order":0,"comment_status":"closed","ping_status":"closed","template":"","meta":{"site-sidebar-layout":"no-sidebar","site-content-layout":"page-builder","ast-site-content-layout":"full-width-container","site-content-style":"default","site-sidebar-style":"default","ast-global-header-display":"","ast-banner-title-visibility":"","ast-main-header-display":"","ast-hfb-above-header-display":"","ast-hfb-below-header-display":"","ast-hfb-mobile-header-display":"","site-post-title":"disabled","ast-breadcrumbs-content":"","ast-featured-img":"disabled","footer-sml-layout":"","ast-disable-related-posts":"","theme-transparent-header-meta":"","adv-header-id-meta":"","stick-header-meta":"","header-above-stick-meta":"","header-main-stick-meta":"","header-below-stick-meta":"","astra-migrate-meta-layouts":"set","ast-page-background-enabled":"default","ast-page-background-meta":{"desktop":{"background-color":"","background-image":"","background-repeat":"repeat","background-position":"center center","background-size":"auto","background-attachment":"scroll","background-type":"","background-media":"","overlay-type":"","overlay-color":"","overlay-opacity":"","overlay-gradient":""},"tablet":{"background-color":"","background-image":"","background-repeat":"repeat","background-position":"center center","background-size":"auto","background-attachment":"scroll","background-type":"","background-media":"","overlay-type":"","overlay-color":"","overlay-opacity":"","overlay-gradient":""},"mobile":{"background-color":"","background-image":"","background-repeat":"repeat","background-position":"center center","background-size":"auto","background-attachment":"scroll","background-type":"","background-media":"","overlay-type":"","overlay-color":"","overlay-opacity":"","overlay-gradient":""}},"ast-content-background-meta":{"desktop":{"background-color":"var(--ast-global-color-5)","background-image":"","background-repeat":"repeat","background-position":"center center","background-size":"auto","background-attachment":"scroll","background-type":"","background-media":"","overlay-type":"","overlay-color":"","overlay-opacity":"","overlay-gradient":""},"tablet":{"background-color":"var(--ast-global-color-5)","background-image":"","background-repeat":"repeat","background-position":"center center","background-size":"auto","background-attachment":"scroll","background-type":"","background-media":"","overlay-type":"","overlay-color":"","overlay-opacity":"","overlay-gradient":""},"mobile":{"background-color":"var(--ast-global-color-5)","background-image":"","background-repeat":"repeat","background-position":"center center","background-size":"auto","background-attachment":"scroll","background-type":"","background-media":"","overlay-type":"","overlay-color":"","overlay-opacity":"","overlay-gradient":""}},"footnotes":""},"class_list":["post-2029","page","type-page","status-publish","hentry"],"yoast_head":"<!-- This site is optimized with the Yoast SEO plugin v27.4 - https:\/\/yoast.com\/product\/yoast-seo-wordpress\/ -->\n<title>Programm- und Projektmanagement - A&amp;B<\/title>\n<meta name=\"description\" content=\"Programme und Projekte Die Umsetzung komplexer Transformations-, Digitalisierungs- oder Finanzprojekte erfordert ein strukturiertes und professionelles\" \/>\n<meta name=\"robots\" content=\"index, follow, max-snippet:-1, max-image-preview:large, max-video-preview:-1\" \/>\n<link rel=\"canonical\" href=\"https:\/\/above-beyond.de\/en\/programm-und-projektmanagement\/\" \/>\n<meta property=\"og:locale\" content=\"en_US\" \/>\n<meta property=\"og:type\" content=\"article\" \/>\n<meta property=\"og:title\" content=\"Programm- und Projektmanagement - A&amp;B\" \/>\n<meta property=\"og:description\" content=\"Programme und Projekte Die Umsetzung komplexer Transformations-, Digitalisierungs- oder Finanzprojekte erfordert ein strukturiertes und professionelles\" \/>\n<meta property=\"og:url\" content=\"https:\/\/above-beyond.de\/en\/programm-und-projektmanagement\/\" \/>\n<meta property=\"og:site_name\" content=\"A&amp;B\" \/>\n<meta property=\"article:modified_time\" content=\"2025-04-17T11:34:27+00:00\" \/>\n<meta property=\"og:image\" content=\"https:\/\/above-beyond.de\/wp-content\/uploads\/2025\/02\/AB-llooggoo.png\" \/>\n\t<meta property=\"og:image:width\" content=\"426\" \/>\n\t<meta property=\"og:image:height\" content=\"181\" \/>\n\t<meta property=\"og:image:type\" content=\"image\/png\" \/>\n<meta name=\"twitter:card\" content=\"summary_large_image\" \/>\n<meta name=\"twitter:label1\" content=\"Est. reading time\" \/>\n\t<meta name=\"twitter:data1\" content=\"2 minutes\" \/>\n<script type=\"application\/ld+json\" class=\"yoast-schema-graph\">{\"@context\":\"https:\\\/\\\/schema.org\",\"@graph\":[{\"@type\":\"WebPage\",\"@id\":\"https:\\\/\\\/above-beyond.de\\\/programm-und-projektmanagement\\\/\",\"url\":\"https:\\\/\\\/above-beyond.de\\\/programm-und-projektmanagement\\\/\",\"name\":\"Programm- und Projektmanagement - A&amp;B\",\"isPartOf\":{\"@id\":\"https:\\\/\\\/above-beyond.de\\\/#website\"},\"primaryImageOfPage\":{\"@id\":\"https:\\\/\\\/above-beyond.de\\\/programm-und-projektmanagement\\\/#primaryimage\"},\"image\":{\"@id\":\"https:\\\/\\\/above-beyond.de\\\/programm-und-projektmanagement\\\/#primaryimage\"},\"thumbnailUrl\":\"https:\\\/\\\/above-beyond.de\\\/wp-content\\\/uploads\\\/2025\\\/02\\\/AB-llooggoo.png\",\"datePublished\":\"2025-03-20T14:49:50+00:00\",\"dateModified\":\"2025-04-17T11:34:27+00:00\",\"description\":\"Programme und Projekte Die Umsetzung komplexer Transformations-, Digitalisierungs- oder Finanzprojekte erfordert ein strukturiertes und professionelles\",\"breadcrumb\":{\"@id\":\"https:\\\/\\\/above-beyond.de\\\/programm-und-projektmanagement\\\/#breadcrumb\"},\"inLanguage\":\"en-US\",\"potentialAction\":[{\"@type\":\"ReadAction\",\"target\":[\"https:\\\/\\\/above-beyond.de\\\/programm-und-projektmanagement\\\/\"]}]},{\"@type\":\"ImageObject\",\"inLanguage\":\"en-US\",\"@id\":\"https:\\\/\\\/above-beyond.de\\\/programm-und-projektmanagement\\\/#primaryimage\",\"url\":\"https:\\\/\\\/above-beyond.de\\\/wp-content\\\/uploads\\\/2025\\\/02\\\/AB-llooggoo.png\",\"contentUrl\":\"https:\\\/\\\/above-beyond.de\\\/wp-content\\\/uploads\\\/2025\\\/02\\\/AB-llooggoo.png\"},{\"@type\":\"BreadcrumbList\",\"@id\":\"https:\\\/\\\/above-beyond.de\\\/programm-und-projektmanagement\\\/#breadcrumb\",\"itemListElement\":[{\"@type\":\"ListItem\",\"position\":1,\"name\":\"Startseite\",\"item\":\"https:\\\/\\\/above-beyond.de\\\/\"},{\"@type\":\"ListItem\",\"position\":2,\"name\":\"Programm- und Projektmanagement\"}]},{\"@type\":\"WebSite\",\"@id\":\"https:\\\/\\\/above-beyond.de\\\/#website\",\"url\":\"https:\\\/\\\/above-beyond.de\\\/\",\"name\":\"above-beyond.de\",\"description\":\"Transformation &amp; Organisation| Digitalisierung &amp; Technologie |  SAP Consulting | Finanzen | Programm- und Projektmanagement\",\"publisher\":{\"@id\":\"https:\\\/\\\/above-beyond.de\\\/#organization\"},\"alternateName\":\"Above & Beyond\",\"potentialAction\":[{\"@type\":\"SearchAction\",\"target\":{\"@type\":\"EntryPoint\",\"urlTemplate\":\"https:\\\/\\\/above-beyond.de\\\/?s={search_term_string}\"},\"query-input\":{\"@type\":\"PropertyValueSpecification\",\"valueRequired\":true,\"valueName\":\"search_term_string\"}}],\"inLanguage\":\"en-US\"},{\"@type\":\"Organization\",\"@id\":\"https:\\\/\\\/above-beyond.de\\\/#organization\",\"name\":\"Above & Beyond GmbH\",\"alternateName\":\"A&B\",\"url\":\"https:\\\/\\\/above-beyond.de\\\/\",\"logo\":{\"@type\":\"ImageObject\",\"inLanguage\":\"en-US\",\"@id\":\"https:\\\/\\\/above-beyond.de\\\/#\\\/schema\\\/logo\\\/image\\\/\",\"url\":\"https:\\\/\\\/above-beyond.de\\\/wp-content\\\/uploads\\\/2021\\\/08\\\/cropped-above_and_beyond_logo_subline.png\",\"contentUrl\":\"https:\\\/\\\/above-beyond.de\\\/wp-content\\\/uploads\\\/2021\\\/08\\\/cropped-above_and_beyond_logo_subline.png\",\"width\":290,\"height\":115,\"caption\":\"Above & Beyond GmbH\"},\"image\":{\"@id\":\"https:\\\/\\\/above-beyond.de\\\/#\\\/schema\\\/logo\\\/image\\\/\"},\"sameAs\":[\"https:\\\/\\\/www.linkedin.com\\\/company\\\/above-beyond-gmbh\\\/posts\\\/?feedView=all\"]}]}<\/script>\n<!-- \/ Yoast SEO plugin. -->","yoast_head_json":{"title":"Programm- und Projektmanagement - A&amp;B","description":"Programme und Projekte Die Umsetzung komplexer Transformations-, Digitalisierungs- oder Finanzprojekte erfordert ein strukturiertes und professionelles","robots":{"index":"index","follow":"follow","max-snippet":"max-snippet:-1","max-image-preview":"max-image-preview:large","max-video-preview":"max-video-preview:-1"},"canonical":"https:\/\/above-beyond.de\/en\/programm-und-projektmanagement\/","og_locale":"en_US","og_type":"article","og_title":"Programm- und Projektmanagement - A&amp;B","og_description":"Programme und Projekte Die Umsetzung komplexer Transformations-, Digitalisierungs- oder Finanzprojekte erfordert ein strukturiertes und professionelles","og_url":"https:\/\/above-beyond.de\/en\/programm-und-projektmanagement\/","og_site_name":"A&amp;B","article_modified_time":"2025-04-17T11:34:27+00:00","og_image":[{"width":426,"height":181,"url":"https:\/\/above-beyond.de\/wp-content\/uploads\/2025\/02\/AB-llooggoo.png","type":"image\/png"}],"twitter_card":"summary_large_image","twitter_misc":{"Est. reading time":"2 minutes"},"schema":{"@context":"https:\/\/schema.org","@graph":[{"@type":"WebPage","@id":"https:\/\/above-beyond.de\/programm-und-projektmanagement\/","url":"https:\/\/above-beyond.de\/programm-und-projektmanagement\/","name":"Programm- und Projektmanagement - A&amp;B","isPartOf":{"@id":"https:\/\/above-beyond.de\/#website"},"primaryImageOfPage":{"@id":"https:\/\/above-beyond.de\/programm-und-projektmanagement\/#primaryimage"},"image":{"@id":"https:\/\/above-beyond.de\/programm-und-projektmanagement\/#primaryimage"},"thumbnailUrl":"https:\/\/above-beyond.de\/wp-content\/uploads\/2025\/02\/AB-llooggoo.png","datePublished":"2025-03-20T14:49:50+00:00","dateModified":"2025-04-17T11:34:27+00:00","description":"Programme und Projekte Die Umsetzung komplexer Transformations-, Digitalisierungs- oder Finanzprojekte erfordert ein strukturiertes und professionelles","breadcrumb":{"@id":"https:\/\/above-beyond.de\/programm-und-projektmanagement\/#breadcrumb"},"inLanguage":"en-US","potentialAction":[{"@type":"ReadAction","target":["https:\/\/above-beyond.de\/programm-und-projektmanagement\/"]}]},{"@type":"ImageObject","inLanguage":"en-US","@id":"https:\/\/above-beyond.de\/programm-und-projektmanagement\/#primaryimage","url":"https:\/\/above-beyond.de\/wp-content\/uploads\/2025\/02\/AB-llooggoo.png","contentUrl":"https:\/\/above-beyond.de\/wp-content\/uploads\/2025\/02\/AB-llooggoo.png"},{"@type":"BreadcrumbList","@id":"https:\/\/above-beyond.de\/programm-und-projektmanagement\/#breadcrumb","itemListElement":[{"@type":"ListItem","position":1,"name":"Startseite","item":"https:\/\/above-beyond.de\/"},{"@type":"ListItem","position":2,"name":"Programm- und Projektmanagement"}]},{"@type":"WebSite","@id":"https:\/\/above-beyond.de\/#website","url":"https:\/\/above-beyond.de\/","name":"above-beyond.de","description":"Transformation &amp; Organisation| Digitalisierung &amp; Technologie |  SAP Consulting | Finanzen | Programm- und Projektmanagement","publisher":{"@id":"https:\/\/above-beyond.de\/#organization"},"alternateName":"Above & Beyond","potentialAction":[{"@type":"SearchAction","target":{"@type":"EntryPoint","urlTemplate":"https:\/\/above-beyond.de\/?s={search_term_string}"},"query-input":{"@type":"PropertyValueSpecification","valueRequired":true,"valueName":"search_term_string"}}],"inLanguage":"en-US"},{"@type":"Organization","@id":"https:\/\/above-beyond.de\/#organization","name":"Above & Beyond GmbH","alternateName":"A&B","url":"https:\/\/above-beyond.de\/","logo":{"@type":"ImageObject","inLanguage":"en-US","@id":"https:\/\/above-beyond.de\/#\/schema\/logo\/image\/","url":"https:\/\/above-beyond.de\/wp-content\/uploads\/2021\/08\/cropped-above_and_beyond_logo_subline.png","contentUrl":"https:\/\/above-beyond.de\/wp-content\/uploads\/2021\/08\/cropped-above_and_beyond_logo_subline.png","width":290,"height":115,"caption":"Above & Beyond GmbH"},"image":{"@id":"https:\/\/above-beyond.de\/#\/schema\/logo\/image\/"},"sameAs":["https:\/\/www.linkedin.com\/company\/above-beyond-gmbh\/posts\/?feedView=all"]}]}},"_links":{"self":[{"href":"https:\/\/above-beyond.de\/en\/wp-json\/wp\/v2\/pages\/2029","targetHints":{"allow":["GET"]}}],"collection":[{"href":"https:\/\/above-beyond.de\/en\/wp-json\/wp\/v2\/pages"}],"about":[{"href":"https:\/\/above-beyond.de\/en\/wp-json\/wp\/v2\/types\/page"}],"author":[{"embeddable":true,"href":"https:\/\/above-beyond.de\/en\/wp-json\/wp\/v2\/users\/1"}],"replies":[{"embeddable":true,"href":"https:\/\/above-beyond.de\/en\/wp-json\/wp\/v2\/comments?post=2029"}],"version-history":[{"count":7,"href":"https:\/\/above-beyond.de\/en\/wp-json\/wp\/v2\/pages\/2029\/revisions"}],"predecessor-version":[{"id":2117,"href":"https:\/\/above-beyond.de\/en\/wp-json\/wp\/v2\/pages\/2029\/revisions\/2117"}],"wp:attachment":[{"href":"https:\/\/above-beyond.de\/en\/wp-json\/wp\/v2\/media?parent=2029"}],"curies":[{"name":"wp","href":"https:\/\/api.w.org\/{rel}","templated":true}]}}