{"id":2024,"date":"2025-03-20T14:45:15","date_gmt":"2025-03-20T14:45:15","guid":{"rendered":"https:\/\/above-beyond.de\/?page_id=2024"},"modified":"2025-04-17T11:38:06","modified_gmt":"2025-04-17T11:38:06","slug":"finanzen","status":"publish","type":"page","link":"https:\/\/above-beyond.de\/en\/finanzen\/","title":{"rendered":"Finance"},"content":{"rendered":"<div data-elementor-type=\"wp-page\" data-elementor-id=\"2024\" class=\"elementor elementor-2024\">\n\t\t\t\t<header class=\"elementor-element elementor-element-cb87891 e-flex e-con-boxed e-con e-parent\" data-id=\"cb87891\" data-element_type=\"container\" data-e-type=\"container\" data-settings=\"{&quot;background_background&quot;:&quot;classic&quot;,&quot;shape_divider_bottom&quot;:&quot;triangle-asymmetrical&quot;}\">\n\t\t\t\t\t<div class=\"e-con-inner\">\n\t\t\t\t<div class=\"elementor-shape elementor-shape-bottom\" aria-hidden=\"true\" data-negative=\"false\">\n\t\t\t<svg xmlns=\"http:\/\/www.w3.org\/2000\/svg\" viewbox=\"0 0 1000 100\" preserveaspectratio=\"none\">\n\t<path class=\"elementor-shape-fill\" d=\"M738,99l262-93V0H0v5.6L738,99z\"\/>\n<\/svg>\t\t<\/div>\n\t\t<div class=\"elementor-element elementor-element-b1dbd73 e-con-full e-flex e-con e-child\" data-id=\"b1dbd73\" data-element_type=\"container\" data-e-type=\"container\">\n\t\t<div class=\"elementor-element elementor-element-896039e e-con-full e-flex e-con e-child\" data-id=\"896039e\" data-element_type=\"container\" data-e-type=\"container\">\n\t\t<div class=\"elementor-element elementor-element-7c7b568 e-con-full e-flex e-con e-child\" data-id=\"7c7b568\" data-element_type=\"container\" data-e-type=\"container\">\n\t\t\t\t<div class=\"elementor-element elementor-element-b8c9fe9 elementor-widget__width-initial elementor-widget elementor-widget-image\" data-id=\"b8c9fe9\" data-element_type=\"widget\" data-e-type=\"widget\" data-widget_type=\"image.default\">\n\t\t\t\t<div class=\"elementor-widget-container\">\n\t\t\t\t\t\t\t\t\t\t\t\t\t\t\t<img fetchpriority=\"high\" decoding=\"async\" width=\"426\" height=\"181\" src=\"https:\/\/above-beyond.de\/wp-content\/uploads\/2025\/02\/AB-llooggoo.png\" class=\"attachment-large size-large wp-image-1366\" alt=\"\" \/>\t\t\t\t\t\t\t\t\t\t\t\t\t\t\t<\/div>\n\t\t\t\t<\/div>\n\t\t\t\t<\/div>\n\t\t<div class=\"elementor-element elementor-element-17a5e3a e-con-full e-flex e-con e-child\" data-id=\"17a5e3a\" data-element_type=\"container\" data-e-type=\"container\">\n\t\t\t\t<div class=\"elementor-element elementor-element-4810d7c elementor-widget elementor-widget-heading\" data-id=\"4810d7c\" data-element_type=\"widget\" data-e-type=\"widget\" data-widget_type=\"heading.default\">\n\t\t\t\t<div class=\"elementor-widget-container\">\n\t\t\t\t\t<h2 class=\"elementor-heading-title elementor-size-default\">Finance<\/h2>\t\t\t\t<\/div>\n\t\t\t\t<\/div>\n\t\t\t\t<\/div>\n\t\t\t\t<\/div>\n\t\t\t\t<\/div>\n\t\t\t\t\t<\/div>\n\t\t\t\t<\/header>\n\t\t<div class=\"elementor-element elementor-element-3467d26 e-flex e-con-boxed e-con e-parent\" data-id=\"3467d26\" data-element_type=\"container\" data-e-type=\"container\" data-settings=\"{&quot;background_background&quot;:&quot;classic&quot;,&quot;shape_divider_top&quot;:&quot;mountains&quot;,&quot;shape_divider_bottom&quot;:&quot;waves&quot;}\">\n\t\t\t\t\t<div class=\"e-con-inner\">\n\t\t\t\t<div class=\"elementor-shape elementor-shape-top\" aria-hidden=\"true\" data-negative=\"false\">\n\t\t\t<svg xmlns=\"http:\/\/www.w3.org\/2000\/svg\" viewbox=\"0 0 1000 100\" preserveaspectratio=\"none\">\n\t<path class=\"elementor-shape-fill\" opacity=\"0.33\" d=\"M473,67.3c-203.9,88.3-263.1-34-320.3,0C66,119.1,0,59.7,0,59.7V0h1000v59.7 c0,0-62.1,26.1-94.9,29.3c-32.8,3.3-62.8-12.3-75.8-22.1C806,49.6,745.3,8.7,694.9,4.7S492.4,59,473,67.3z\"\/>\n\t<path class=\"elementor-shape-fill\" opacity=\"0.66\" d=\"M734,67.3c-45.5,0-77.2-23.2-129.1-39.1c-28.6-8.7-150.3-10.1-254,39.1 s-91.7-34.4-149.2,0C115.7,118.3,0,39.8,0,39.8V0h1000v36.5c0,0-28.2-18.5-92.1-18.5C810.2,18.1,775.7,67.3,734,67.3z\"\/>\n\t<path class=\"elementor-shape-fill\" d=\"M766.1,28.9c-200-57.5-266,65.5-395.1,19.5C242,1.8,242,5.4,184.8,20.6C128,35.8,132.3,44.9,89.9,52.5C28.6,63.7,0,0,0,0 h1000c0,0-9.9,40.9-83.6,48.1S829.6,47,766.1,28.9z\"\/>\n<\/svg>\t\t<\/div>\n\t\t\t\t<div class=\"elementor-shape elementor-shape-bottom\" aria-hidden=\"true\" data-negative=\"false\">\n\t\t\t<svg xmlns=\"http:\/\/www.w3.org\/2000\/svg\" viewbox=\"0 0 1000 100\" preserveaspectratio=\"none\">\n\t<path class=\"elementor-shape-fill\" d=\"M421.9,6.5c22.6-2.5,51.5,0.4,75.5,5.3c23.6,4.9,70.9,23.5,100.5,35.7c75.8,32.2,133.7,44.5,192.6,49.7\tc23.6,2.1,48.7,3.5,103.4-2.5c54.7-6,106.2-25.6,106.2-25.6V0H0v30.3c0,0,72,32.6,158.4,30.5c39.2-0.7,92.8-6.7,134-22.4\tc21.2-8.1,52.2-18.2,79.7-24.2C399.3,7.9,411.6,7.5,421.9,6.5z\"\/>\n<\/svg>\t\t<\/div>\n\t\t<div class=\"elementor-element elementor-element-a1ca196 e-con-full e-flex e-con e-child\" data-id=\"a1ca196\" data-element_type=\"container\" data-e-type=\"container\">\n\t\t\t\t<div class=\"elementor-element elementor-element-b8b1e25 elementor-widget elementor-widget-text-editor\" data-id=\"b8b1e25\" data-element_type=\"widget\" data-e-type=\"widget\" data-widget_type=\"text-editor.default\">\n\t\t\t\t<div class=\"elementor-widget-container\">\n\t\t\t\t\t\t\t\t\t<p>Today, the finance function is more than just a number cruncher - it is a strategic driver of sustainable corporate growth. In an increasingly digital and data-driven world, companies are faced with the challenge of making their financial processes more efficient, increasing transparency and meeting regulatory requirements at the same time. We support you with tailor-made solutions to make your finance organization fit for the future.<\/p><p>\u00a0<\/p><h2><b>Our financial services: Your key to greater efficiency and control<\/b><\/h2><p class=\"translation-block\"><span style=\"color: #0087be\">\u2714 <b>Financial <\/b><b>Strategy<\/b><b> &amp; Transformation<\/b><\/span><br>A modern financial strategy is the cornerstone of sustainable corporate success. We support you in optimizing your financial organization, realigning business models and implementing innovative financial strategies. Our goal: efficient, agile and future-proof financial processes that provide targeted support for your company's development.<\/p><p class=\"translation-block\"><span style=\"color: #0087be\">\u2714 <b>Controlling &amp; Performance Management<\/b><\/span><br>\nFigures are the backbone of all corporate management. With our performance management approach, we help you to manage key financial figures in a targeted manner, make well-founded decisions and increase the profitability of your company. Our experts develop customized controlling solutions that optimally support your business strategy.<\/p><p class=\"translation-block\"><span style=\"color: #0087be\">\u2714 <b>Financial <\/b><b>Process<\/b> <b>Optimization<\/b><\/span><br>\nEfficient financial processes are the key to greater productivity and cost savings. We analyse and optimize your financial processes, eliminate inefficient structures and implement modern solutions that make your financial organization more efficient. In doing so, we rely on best practices and innovative technologies.<\/p><p class=\"translation-block\"><span style=\"color: #0087be\">\u2714 <b>SAP Finance Consulting<\/b><\/span><br> \nSAP is the leading ERP system for financial management - but implementing and optimizing it requires in-depth expertise. We are your reliable partner for all SAP FI\/CO topics, from system implementation and migrations to the continuous optimization of your SAP finance processes. Our experts support you in making strategic decisions and manage your individual SAP projects.<\/p><p class=\"translation-block\"><span style=\"color: #0087be\">\u2714 <b>Digital Finance &amp; Automation<\/b><\/span><br>\nDigitalization is revolutionizing finance - from automated accounting processes to AI-supported analysis of financial data. We support you in the digitalization and automation of your financial processes so that you can work faster, more efficiently and with fewer errors. With intelligent technologies, we ensure that your finance department acts as a driver of innovation and value creation.<\/p><p>\u00a0<\/p><p class=\"translation-block\"><span style=\"color: #0087be\"><b>Shape your financial future with us - <\/b><\/span>Whether strategic realignment, process optimization or digital transformation - we are at your side as a competent partner. Take advantage of our experience and expertise to future-proof your finance department. Contact us and let's set the course for your financial success together!<\/p>\t\t\t\t\t\t\t\t<\/div>\n\t\t\t\t<\/div>\n\t\t\t\t<\/div>\n\t\t\t\t\t<\/div>\n\t\t\t\t<\/div>\n\t\t\t\t<\/div>","protected":false},"excerpt":{"rendered":"<p>Finanzen Die Finanzfunktion ist heute mehr als nur eine Zahlenschmiede \u2013 sie ist ein strategischer Treiber f\u00fcr nachhaltiges Unternehmenswachstum. In einer zunehmend digitalen und datengetriebenen Welt stehen Unternehmen vor der Herausforderung, ihre Finanzprozesse effizienter zu gestalten, Transparenz zu erh\u00f6hen und gleichzeitig regulatorische Anforderungen zu erf\u00fcllen. Wir unterst\u00fctzen Sie mit ma\u00dfgeschneiderten L\u00f6sungen, um Ihre Finanzorganisation fit [&hellip;]<\/p>\n","protected":false},"author":1,"featured_media":0,"parent":0,"menu_order":0,"comment_status":"closed","ping_status":"closed","template":"","meta":{"site-sidebar-layout":"no-sidebar","site-content-layout":"page-builder","ast-site-content-layout":"full-width-container","site-content-style":"default","site-sidebar-style":"default","ast-global-header-display":"","ast-banner-title-visibility":"","ast-main-header-display":"","ast-hfb-above-header-display":"","ast-hfb-below-header-display":"","ast-hfb-mobile-header-display":"","site-post-title":"disabled","ast-breadcrumbs-content":"","ast-featured-img":"disabled","footer-sml-layout":"","ast-disable-related-posts":"","theme-transparent-header-meta":"","adv-header-id-meta":"","stick-header-meta":"","header-above-stick-meta":"","header-main-stick-meta":"","header-below-stick-meta":"","astra-migrate-meta-layouts":"set","ast-page-background-enabled":"default","ast-page-background-meta":{"desktop":{"background-color":"","background-image":"","background-repeat":"repeat","background-position":"center center","background-size":"auto","background-attachment":"scroll","background-type":"","background-media":"","overlay-type":"","overlay-color":"","overlay-opacity":"","overlay-gradient":""},"tablet":{"background-color":"","background-image":"","background-repeat":"repeat","background-position":"center center","background-size":"auto","background-attachment":"scroll","background-type":"","background-media":"","overlay-type":"","overlay-color":"","overlay-opacity":"","overlay-gradient":""},"mobile":{"background-color":"","background-image":"","background-repeat":"repeat","background-position":"center center","background-size":"auto","background-attachment":"scroll","background-type":"","background-media":"","overlay-type":"","overlay-color":"","overlay-opacity":"","overlay-gradient":""}},"ast-content-background-meta":{"desktop":{"background-color":"var(--ast-global-color-5)","background-image":"","background-repeat":"repeat","background-position":"center center","background-size":"auto","background-attachment":"scroll","background-type":"","background-media":"","overlay-type":"","overlay-color":"","overlay-opacity":"","overlay-gradient":""},"tablet":{"background-color":"var(--ast-global-color-5)","background-image":"","background-repeat":"repeat","background-position":"center center","background-size":"auto","background-attachment":"scroll","background-type":"","background-media":"","overlay-type":"","overlay-color":"","overlay-opacity":"","overlay-gradient":""},"mobile":{"background-color":"var(--ast-global-color-5)","background-image":"","background-repeat":"repeat","background-position":"center center","background-size":"auto","background-attachment":"scroll","background-type":"","background-media":"","overlay-type":"","overlay-color":"","overlay-opacity":"","overlay-gradient":""}},"footnotes":""},"class_list":["post-2024","page","type-page","status-publish","hentry"],"yoast_head":"<!-- This site is optimized with the Yoast SEO plugin v27.4 - https:\/\/yoast.com\/product\/yoast-seo-wordpress\/ -->\n<title>Finanzen - A&amp;B<\/title>\n<meta name=\"description\" content=\"Finanzen Die Finanzfunktion ist heute mehr als nur eine Zahlenschmiede \u2013 sie ist ein strategischer Treiber f\u00fcr nachhaltiges Unternehmenswachstum. In einer\" \/>\n<meta name=\"robots\" content=\"index, follow, max-snippet:-1, max-image-preview:large, max-video-preview:-1\" \/>\n<link rel=\"canonical\" href=\"https:\/\/above-beyond.de\/en\/finanzen\/\" \/>\n<meta property=\"og:locale\" content=\"en_US\" \/>\n<meta property=\"og:type\" content=\"article\" \/>\n<meta property=\"og:title\" content=\"Finanzen - A&amp;B\" \/>\n<meta property=\"og:description\" content=\"Finanzen Die Finanzfunktion ist heute mehr als nur eine Zahlenschmiede \u2013 sie ist ein strategischer Treiber f\u00fcr nachhaltiges Unternehmenswachstum. In einer\" \/>\n<meta property=\"og:url\" content=\"https:\/\/above-beyond.de\/en\/finanzen\/\" \/>\n<meta property=\"og:site_name\" content=\"A&amp;B\" \/>\n<meta property=\"article:modified_time\" content=\"2025-04-17T11:38:06+00:00\" \/>\n<meta property=\"og:image\" content=\"https:\/\/above-beyond.de\/wp-content\/uploads\/2025\/02\/AB-llooggoo.png\" \/>\n\t<meta property=\"og:image:width\" content=\"426\" \/>\n\t<meta property=\"og:image:height\" content=\"181\" \/>\n\t<meta property=\"og:image:type\" content=\"image\/png\" \/>\n<meta name=\"twitter:card\" content=\"summary_large_image\" \/>\n<meta name=\"twitter:label1\" content=\"Est. reading time\" \/>\n\t<meta name=\"twitter:data1\" content=\"3 minutes\" \/>\n<script type=\"application\/ld+json\" class=\"yoast-schema-graph\">{\"@context\":\"https:\\\/\\\/schema.org\",\"@graph\":[{\"@type\":\"WebPage\",\"@id\":\"https:\\\/\\\/above-beyond.de\\\/finanzen\\\/\",\"url\":\"https:\\\/\\\/above-beyond.de\\\/finanzen\\\/\",\"name\":\"Finanzen - A&amp;B\",\"isPartOf\":{\"@id\":\"https:\\\/\\\/above-beyond.de\\\/#website\"},\"primaryImageOfPage\":{\"@id\":\"https:\\\/\\\/above-beyond.de\\\/finanzen\\\/#primaryimage\"},\"image\":{\"@id\":\"https:\\\/\\\/above-beyond.de\\\/finanzen\\\/#primaryimage\"},\"thumbnailUrl\":\"https:\\\/\\\/above-beyond.de\\\/wp-content\\\/uploads\\\/2025\\\/02\\\/AB-llooggoo.png\",\"datePublished\":\"2025-03-20T14:45:15+00:00\",\"dateModified\":\"2025-04-17T11:38:06+00:00\",\"description\":\"Finanzen Die Finanzfunktion ist heute mehr als nur eine Zahlenschmiede \u2013 sie ist ein strategischer Treiber f\u00fcr nachhaltiges Unternehmenswachstum. In einer\",\"breadcrumb\":{\"@id\":\"https:\\\/\\\/above-beyond.de\\\/finanzen\\\/#breadcrumb\"},\"inLanguage\":\"en-US\",\"potentialAction\":[{\"@type\":\"ReadAction\",\"target\":[\"https:\\\/\\\/above-beyond.de\\\/finanzen\\\/\"]}]},{\"@type\":\"ImageObject\",\"inLanguage\":\"en-US\",\"@id\":\"https:\\\/\\\/above-beyond.de\\\/finanzen\\\/#primaryimage\",\"url\":\"https:\\\/\\\/above-beyond.de\\\/wp-content\\\/uploads\\\/2025\\\/02\\\/AB-llooggoo.png\",\"contentUrl\":\"https:\\\/\\\/above-beyond.de\\\/wp-content\\\/uploads\\\/2025\\\/02\\\/AB-llooggoo.png\"},{\"@type\":\"BreadcrumbList\",\"@id\":\"https:\\\/\\\/above-beyond.de\\\/finanzen\\\/#breadcrumb\",\"itemListElement\":[{\"@type\":\"ListItem\",\"position\":1,\"name\":\"Startseite\",\"item\":\"https:\\\/\\\/above-beyond.de\\\/\"},{\"@type\":\"ListItem\",\"position\":2,\"name\":\"Finanzen\"}]},{\"@type\":\"WebSite\",\"@id\":\"https:\\\/\\\/above-beyond.de\\\/#website\",\"url\":\"https:\\\/\\\/above-beyond.de\\\/\",\"name\":\"above-beyond.de\",\"description\":\"Transformation &amp; Organisation| Digitalisierung &amp; Technologie |  SAP Consulting | Finanzen | Programm- und Projektmanagement\",\"publisher\":{\"@id\":\"https:\\\/\\\/above-beyond.de\\\/#organization\"},\"alternateName\":\"Above & Beyond\",\"potentialAction\":[{\"@type\":\"SearchAction\",\"target\":{\"@type\":\"EntryPoint\",\"urlTemplate\":\"https:\\\/\\\/above-beyond.de\\\/?s={search_term_string}\"},\"query-input\":{\"@type\":\"PropertyValueSpecification\",\"valueRequired\":true,\"valueName\":\"search_term_string\"}}],\"inLanguage\":\"en-US\"},{\"@type\":\"Organization\",\"@id\":\"https:\\\/\\\/above-beyond.de\\\/#organization\",\"name\":\"Above & Beyond GmbH\",\"alternateName\":\"A&B\",\"url\":\"https:\\\/\\\/above-beyond.de\\\/\",\"logo\":{\"@type\":\"ImageObject\",\"inLanguage\":\"en-US\",\"@id\":\"https:\\\/\\\/above-beyond.de\\\/#\\\/schema\\\/logo\\\/image\\\/\",\"url\":\"https:\\\/\\\/above-beyond.de\\\/wp-content\\\/uploads\\\/2021\\\/08\\\/cropped-above_and_beyond_logo_subline.png\",\"contentUrl\":\"https:\\\/\\\/above-beyond.de\\\/wp-content\\\/uploads\\\/2021\\\/08\\\/cropped-above_and_beyond_logo_subline.png\",\"width\":290,\"height\":115,\"caption\":\"Above & Beyond GmbH\"},\"image\":{\"@id\":\"https:\\\/\\\/above-beyond.de\\\/#\\\/schema\\\/logo\\\/image\\\/\"},\"sameAs\":[\"https:\\\/\\\/www.linkedin.com\\\/company\\\/above-beyond-gmbh\\\/posts\\\/?feedView=all\"]}]}<\/script>\n<!-- \/ Yoast SEO plugin. -->","yoast_head_json":{"title":"Finanzen - A&amp;B","description":"Finanzen Die Finanzfunktion ist heute mehr als nur eine Zahlenschmiede \u2013 sie ist ein strategischer Treiber f\u00fcr nachhaltiges Unternehmenswachstum. In einer","robots":{"index":"index","follow":"follow","max-snippet":"max-snippet:-1","max-image-preview":"max-image-preview:large","max-video-preview":"max-video-preview:-1"},"canonical":"https:\/\/above-beyond.de\/en\/finanzen\/","og_locale":"en_US","og_type":"article","og_title":"Finanzen - A&amp;B","og_description":"Finanzen Die Finanzfunktion ist heute mehr als nur eine Zahlenschmiede \u2013 sie ist ein strategischer Treiber f\u00fcr nachhaltiges Unternehmenswachstum. In einer","og_url":"https:\/\/above-beyond.de\/en\/finanzen\/","og_site_name":"A&amp;B","article_modified_time":"2025-04-17T11:38:06+00:00","og_image":[{"width":426,"height":181,"url":"https:\/\/above-beyond.de\/wp-content\/uploads\/2025\/02\/AB-llooggoo.png","type":"image\/png"}],"twitter_card":"summary_large_image","twitter_misc":{"Est. reading time":"3 minutes"},"schema":{"@context":"https:\/\/schema.org","@graph":[{"@type":"WebPage","@id":"https:\/\/above-beyond.de\/finanzen\/","url":"https:\/\/above-beyond.de\/finanzen\/","name":"Finanzen - A&amp;B","isPartOf":{"@id":"https:\/\/above-beyond.de\/#website"},"primaryImageOfPage":{"@id":"https:\/\/above-beyond.de\/finanzen\/#primaryimage"},"image":{"@id":"https:\/\/above-beyond.de\/finanzen\/#primaryimage"},"thumbnailUrl":"https:\/\/above-beyond.de\/wp-content\/uploads\/2025\/02\/AB-llooggoo.png","datePublished":"2025-03-20T14:45:15+00:00","dateModified":"2025-04-17T11:38:06+00:00","description":"Finanzen Die Finanzfunktion ist heute mehr als nur eine Zahlenschmiede \u2013 sie ist ein strategischer Treiber f\u00fcr nachhaltiges Unternehmenswachstum. In einer","breadcrumb":{"@id":"https:\/\/above-beyond.de\/finanzen\/#breadcrumb"},"inLanguage":"en-US","potentialAction":[{"@type":"ReadAction","target":["https:\/\/above-beyond.de\/finanzen\/"]}]},{"@type":"ImageObject","inLanguage":"en-US","@id":"https:\/\/above-beyond.de\/finanzen\/#primaryimage","url":"https:\/\/above-beyond.de\/wp-content\/uploads\/2025\/02\/AB-llooggoo.png","contentUrl":"https:\/\/above-beyond.de\/wp-content\/uploads\/2025\/02\/AB-llooggoo.png"},{"@type":"BreadcrumbList","@id":"https:\/\/above-beyond.de\/finanzen\/#breadcrumb","itemListElement":[{"@type":"ListItem","position":1,"name":"Startseite","item":"https:\/\/above-beyond.de\/"},{"@type":"ListItem","position":2,"name":"Finanzen"}]},{"@type":"WebSite","@id":"https:\/\/above-beyond.de\/#website","url":"https:\/\/above-beyond.de\/","name":"above-beyond.de","description":"Transformation &amp; Organisation| Digitalisierung &amp; Technologie |  SAP Consulting | Finanzen | Programm- und Projektmanagement","publisher":{"@id":"https:\/\/above-beyond.de\/#organization"},"alternateName":"Above & Beyond","potentialAction":[{"@type":"SearchAction","target":{"@type":"EntryPoint","urlTemplate":"https:\/\/above-beyond.de\/?s={search_term_string}"},"query-input":{"@type":"PropertyValueSpecification","valueRequired":true,"valueName":"search_term_string"}}],"inLanguage":"en-US"},{"@type":"Organization","@id":"https:\/\/above-beyond.de\/#organization","name":"Above & Beyond GmbH","alternateName":"A&B","url":"https:\/\/above-beyond.de\/","logo":{"@type":"ImageObject","inLanguage":"en-US","@id":"https:\/\/above-beyond.de\/#\/schema\/logo\/image\/","url":"https:\/\/above-beyond.de\/wp-content\/uploads\/2021\/08\/cropped-above_and_beyond_logo_subline.png","contentUrl":"https:\/\/above-beyond.de\/wp-content\/uploads\/2021\/08\/cropped-above_and_beyond_logo_subline.png","width":290,"height":115,"caption":"Above & Beyond GmbH"},"image":{"@id":"https:\/\/above-beyond.de\/#\/schema\/logo\/image\/"},"sameAs":["https:\/\/www.linkedin.com\/company\/above-beyond-gmbh\/posts\/?feedView=all"]}]}},"_links":{"self":[{"href":"https:\/\/above-beyond.de\/en\/wp-json\/wp\/v2\/pages\/2024","targetHints":{"allow":["GET"]}}],"collection":[{"href":"https:\/\/above-beyond.de\/en\/wp-json\/wp\/v2\/pages"}],"about":[{"href":"https:\/\/above-beyond.de\/en\/wp-json\/wp\/v2\/types\/page"}],"author":[{"embeddable":true,"href":"https:\/\/above-beyond.de\/en\/wp-json\/wp\/v2\/users\/1"}],"replies":[{"embeddable":true,"href":"https:\/\/above-beyond.de\/en\/wp-json\/wp\/v2\/comments?post=2024"}],"version-history":[{"count":7,"href":"https:\/\/above-beyond.de\/en\/wp-json\/wp\/v2\/pages\/2024\/revisions"}],"predecessor-version":[{"id":2123,"href":"https:\/\/above-beyond.de\/en\/wp-json\/wp\/v2\/pages\/2024\/revisions\/2123"}],"wp:attachment":[{"href":"https:\/\/above-beyond.de\/en\/wp-json\/wp\/v2\/media?parent=2024"}],"curies":[{"name":"wp","href":"https:\/\/api.w.org\/{rel}","templated":true}]}}