{"id":1958,"date":"2025-03-20T14:34:44","date_gmt":"2025-03-20T14:34:44","guid":{"rendered":"https:\/\/above-beyond.de\/?page_id=1958"},"modified":"2025-04-17T11:32:03","modified_gmt":"2025-04-17T11:32:03","slug":"digitalisierung-technologie","status":"publish","type":"page","link":"https:\/\/above-beyond.de\/en\/digitalisierung-technologie\/","title":{"rendered":"Digitization and technology"},"content":{"rendered":"<div data-elementor-type=\"wp-page\" data-elementor-id=\"1958\" class=\"elementor elementor-1958\">\n\t\t\t\t<header class=\"elementor-element elementor-element-a0598e1 e-flex e-con-boxed e-con e-parent\" data-id=\"a0598e1\" data-element_type=\"container\" data-e-type=\"container\" data-settings=\"{&quot;background_background&quot;:&quot;classic&quot;,&quot;shape_divider_bottom&quot;:&quot;triangle-asymmetrical&quot;}\">\n\t\t\t\t\t<div class=\"e-con-inner\">\n\t\t\t\t<div class=\"elementor-shape elementor-shape-bottom\" aria-hidden=\"true\" data-negative=\"false\">\n\t\t\t<svg xmlns=\"http:\/\/www.w3.org\/2000\/svg\" viewbox=\"0 0 1000 100\" preserveaspectratio=\"none\">\n\t<path class=\"elementor-shape-fill\" d=\"M738,99l262-93V0H0v5.6L738,99z\"\/>\n<\/svg>\t\t<\/div>\n\t\t<div class=\"elementor-element elementor-element-cc8d183 e-con-full e-flex e-con e-child\" data-id=\"cc8d183\" data-element_type=\"container\" data-e-type=\"container\">\n\t\t<div class=\"elementor-element elementor-element-e289af1 e-con-full e-flex e-con e-child\" data-id=\"e289af1\" data-element_type=\"container\" data-e-type=\"container\">\n\t\t<div class=\"elementor-element elementor-element-dc0fe5e e-con-full e-flex e-con e-child\" data-id=\"dc0fe5e\" data-element_type=\"container\" data-e-type=\"container\">\n\t\t\t\t<div class=\"elementor-element elementor-element-7f73008 elementor-widget__width-initial elementor-widget elementor-widget-image\" data-id=\"7f73008\" data-element_type=\"widget\" data-e-type=\"widget\" data-widget_type=\"image.default\">\n\t\t\t\t<div class=\"elementor-widget-container\">\n\t\t\t\t\t\t\t\t\t\t\t\t\t\t\t<img fetchpriority=\"high\" decoding=\"async\" width=\"426\" height=\"181\" src=\"https:\/\/above-beyond.de\/wp-content\/uploads\/2025\/02\/AB-llooggoo.png\" class=\"attachment-large size-large wp-image-1366\" alt=\"\" \/>\t\t\t\t\t\t\t\t\t\t\t\t\t\t\t<\/div>\n\t\t\t\t<\/div>\n\t\t\t\t<\/div>\n\t\t<div class=\"elementor-element elementor-element-7f82f5b e-con-full e-flex e-con e-child\" data-id=\"7f82f5b\" data-element_type=\"container\" data-e-type=\"container\">\n\t\t\t\t<div class=\"elementor-element elementor-element-6c1be8d elementor-widget elementor-widget-heading\" data-id=\"6c1be8d\" data-element_type=\"widget\" data-e-type=\"widget\" data-widget_type=\"heading.default\">\n\t\t\t\t<div class=\"elementor-widget-container\">\n\t\t\t\t\t<h2 class=\"elementor-heading-title elementor-size-default\">Digitization &amp; Technology<\/h2>\t\t\t\t<\/div>\n\t\t\t\t<\/div>\n\t\t\t\t<\/div>\n\t\t\t\t<\/div>\n\t\t\t\t<\/div>\n\t\t\t\t\t<\/div>\n\t\t\t\t<\/header>\n\t\t<div class=\"elementor-element elementor-element-39cfb70 e-flex e-con-boxed e-con e-parent\" data-id=\"39cfb70\" data-element_type=\"container\" data-e-type=\"container\" data-settings=\"{&quot;background_background&quot;:&quot;classic&quot;,&quot;shape_divider_top&quot;:&quot;mountains&quot;,&quot;shape_divider_bottom&quot;:&quot;waves&quot;}\">\n\t\t\t\t\t<div class=\"e-con-inner\">\n\t\t\t\t<div class=\"elementor-shape elementor-shape-top\" aria-hidden=\"true\" data-negative=\"false\">\n\t\t\t<svg xmlns=\"http:\/\/www.w3.org\/2000\/svg\" viewbox=\"0 0 1000 100\" preserveaspectratio=\"none\">\n\t<path class=\"elementor-shape-fill\" opacity=\"0.33\" d=\"M473,67.3c-203.9,88.3-263.1-34-320.3,0C66,119.1,0,59.7,0,59.7V0h1000v59.7 c0,0-62.1,26.1-94.9,29.3c-32.8,3.3-62.8-12.3-75.8-22.1C806,49.6,745.3,8.7,694.9,4.7S492.4,59,473,67.3z\"\/>\n\t<path class=\"elementor-shape-fill\" opacity=\"0.66\" d=\"M734,67.3c-45.5,0-77.2-23.2-129.1-39.1c-28.6-8.7-150.3-10.1-254,39.1 s-91.7-34.4-149.2,0C115.7,118.3,0,39.8,0,39.8V0h1000v36.5c0,0-28.2-18.5-92.1-18.5C810.2,18.1,775.7,67.3,734,67.3z\"\/>\n\t<path class=\"elementor-shape-fill\" d=\"M766.1,28.9c-200-57.5-266,65.5-395.1,19.5C242,1.8,242,5.4,184.8,20.6C128,35.8,132.3,44.9,89.9,52.5C28.6,63.7,0,0,0,0 h1000c0,0-9.9,40.9-83.6,48.1S829.6,47,766.1,28.9z\"\/>\n<\/svg>\t\t<\/div>\n\t\t\t\t<div class=\"elementor-shape elementor-shape-bottom\" aria-hidden=\"true\" data-negative=\"false\">\n\t\t\t<svg xmlns=\"http:\/\/www.w3.org\/2000\/svg\" viewbox=\"0 0 1000 100\" preserveaspectratio=\"none\">\n\t<path class=\"elementor-shape-fill\" d=\"M421.9,6.5c22.6-2.5,51.5,0.4,75.5,5.3c23.6,4.9,70.9,23.5,100.5,35.7c75.8,32.2,133.7,44.5,192.6,49.7\tc23.6,2.1,48.7,3.5,103.4-2.5c54.7-6,106.2-25.6,106.2-25.6V0H0v30.3c0,0,72,32.6,158.4,30.5c39.2-0.7,92.8-6.7,134-22.4\tc21.2-8.1,52.2-18.2,79.7-24.2C399.3,7.9,411.6,7.5,421.9,6.5z\"\/>\n<\/svg>\t\t<\/div>\n\t\t<div class=\"elementor-element elementor-element-a1259ad e-con-full e-flex e-con e-child\" data-id=\"a1259ad\" data-element_type=\"container\" data-e-type=\"container\">\n\t\t\t\t<div class=\"elementor-element elementor-element-4db34ba elementor-widget elementor-widget-text-editor\" data-id=\"4db34ba\" data-element_type=\"widget\" data-e-type=\"widget\" data-widget_type=\"text-editor.default\">\n\t\t\t\t<div class=\"elementor-widget-container\">\n\t\t\t\t\t\t\t\t\t<h2><b>Digitalization as the key to corporate success<\/b><\/h2><p>Today, digitalization is a key success factor for companies in all sectors. It encompasses the transformation of business processes, the use of new technologies and the development of digital business models. Companies are faced with the challenge of modernizing existing structures, using data efficiently and remaining competitive at the same time.<\/p><p class=\"translation-block\">Digitalization brings <b>numerous challenges<\/b> with it:<\/p><ul><li>Complexity of the IT changeover and integration of new technologies<\/li><li>Changing existing business processes and corporate culture<\/li><li>Security and data protection when using digital services<\/li><li>Skills shortage and training employees in digital skills<\/li><\/ul><h2><b>Why digitalization is becoming increasingly important<\/b><\/h2><p>Digital change is progressing rapidly and companies must continuously adapt in order to remain competitive. Digital technologies enable more efficient processes, new business models and improved customer interaction. Companies that develop and implement their digitalization strategy in a targeted manner can react more quickly to market changes and ensure sustainable success.<\/p><h2><b>Our consulting approach: your digitalization strategy from a single source <\/b><\/h2><p>We support you in developing a tailor-made digitalization strategy. This includes<\/p><p>\u2714 Redesign of key business processes<\/p><p>\u2714 Optimization of your IT and digital services<\/p><p>\u2714 Development of an efficient, innovation-driven digital infrastructure<\/p><p class=\"translation-block\">As part of our consulting services, we also provide you with comprehensive support in the <b>SAP environment<\/b>. Whether SAP transition, optimization or specific specialist topics - our experts support you in strategic decisions, take over program and project management and control your individual SAP project.<\/p><p class=\"translation-block\">In addition, we analyze the <b>digital maturity<\/b> of your company and offer tailor-made platform services for the optimal implementation of your digital transformation.<\/p><p class=\"translation-block\">The use of <b>artificial intelligence<\/b> also plays a decisive role for future-oriented companies. With our AI readiness and process analysis, we identify potential for the use of AI, develop a strategic AI roadmap with you, define relevant use cases and support you in the implementation and integration of suitable AI technologies into your existing IT landscape.<\/p><p><span style=\"color: #0087be;\"><b>Take advantage of our experience and expertise to successfully drive forward the digitalization of your company.<\/b><\/span><\/p>\t\t\t\t\t\t\t\t<\/div>\n\t\t\t\t<\/div>\n\t\t\t\t<div class=\"elementor-element elementor-element-0824355 elementor-invisible elementor-widget elementor-widget-image\" data-id=\"0824355\" data-element_type=\"widget\" data-e-type=\"widget\" data-settings=\"{&quot;_animation&quot;:&quot;fadeInUp&quot;}\" data-widget_type=\"image.default\">\n\t\t\t\t<div class=\"elementor-widget-container\">\n\t\t\t\t\t\t\t\t\t\t\t\t\t\t\t<img decoding=\"async\" src=\"https:\/\/above-beyond.de\/wp-content\/uploads\/elementor\/thumbs\/Teambild-r3j1u4f7x3wlobhghg6xb82gde3b2q9q77l35gqd1k.png\" title=\"Teambild\" alt=\"Teambild\" class=\"elementor-animation-float\" loading=\"lazy\" \/>\t\t\t\t\t\t\t\t\t\t\t\t\t\t\t<\/div>\n\t\t\t\t<\/div>\n\t\t\t\t<\/div>\n\t\t\t\t\t<\/div>\n\t\t\t\t<\/div>\n\t\t\t\t<\/div>","protected":false},"excerpt":{"rendered":"<p>Digitalisierung &amp; Technologie Digitalisierung als Schl\u00fcssel zum Unternehmenserfolg Die Digitalisierung ist heute ein zentraler Erfolgsfaktor f\u00fcr Unternehmen aller Branchen. Sie umfasst die Transformation von Gesch\u00e4ftsprozessen, den Einsatz neuer Technologien und die Entwicklung digitaler Gesch\u00e4ftsmodelle. Unternehmen stehen vor der Herausforderung, bestehende Strukturen zu modernisieren, Daten effizient zu nutzen und gleichzeitig wettbewerbsf\u00e4hig zu bleiben. Dabei bringt die [&hellip;]<\/p>\n","protected":false},"author":1,"featured_media":0,"parent":0,"menu_order":0,"comment_status":"closed","ping_status":"closed","template":"","meta":{"site-sidebar-layout":"no-sidebar","site-content-layout":"page-builder","ast-site-content-layout":"full-width-container","site-content-style":"default","site-sidebar-style":"default","ast-global-header-display":"","ast-banner-title-visibility":"","ast-main-header-display":"","ast-hfb-above-header-display":"","ast-hfb-below-header-display":"","ast-hfb-mobile-header-display":"","site-post-title":"disabled","ast-breadcrumbs-content":"","ast-featured-img":"disabled","footer-sml-layout":"","ast-disable-related-posts":"","theme-transparent-header-meta":"","adv-header-id-meta":"","stick-header-meta":"","header-above-stick-meta":"","header-main-stick-meta":"","header-below-stick-meta":"","astra-migrate-meta-layouts":"set","ast-page-background-enabled":"default","ast-page-background-meta":{"desktop":{"background-color":"","background-image":"","background-repeat":"repeat","background-position":"center center","background-size":"auto","background-attachment":"scroll","background-type":"","background-media":"","overlay-type":"","overlay-color":"","overlay-opacity":"","overlay-gradient":""},"tablet":{"background-color":"","background-image":"","background-repeat":"repeat","background-position":"center center","background-size":"auto","background-attachment":"scroll","background-type":"","background-media":"","overlay-type":"","overlay-color":"","overlay-opacity":"","overlay-gradient":""},"mobile":{"background-color":"","background-image":"","background-repeat":"repeat","background-position":"center center","background-size":"auto","background-attachment":"scroll","background-type":"","background-media":"","overlay-type":"","overlay-color":"","overlay-opacity":"","overlay-gradient":""}},"ast-content-background-meta":{"desktop":{"background-color":"var(--ast-global-color-5)","background-image":"","background-repeat":"repeat","background-position":"center center","background-size":"auto","background-attachment":"scroll","background-type":"","background-media":"","overlay-type":"","overlay-color":"","overlay-opacity":"","overlay-gradient":""},"tablet":{"background-color":"var(--ast-global-color-5)","background-image":"","background-repeat":"repeat","background-position":"center center","background-size":"auto","background-attachment":"scroll","background-type":"","background-media":"","overlay-type":"","overlay-color":"","overlay-opacity":"","overlay-gradient":""},"mobile":{"background-color":"var(--ast-global-color-5)","background-image":"","background-repeat":"repeat","background-position":"center center","background-size":"auto","background-attachment":"scroll","background-type":"","background-media":"","overlay-type":"","overlay-color":"","overlay-opacity":"","overlay-gradient":""}},"footnotes":""},"class_list":["post-1958","page","type-page","status-publish","hentry"],"yoast_head":"<!-- This site is optimized with the Yoast SEO plugin v27.4 - https:\/\/yoast.com\/product\/yoast-seo-wordpress\/ -->\n<title>Digitalisierung und Technologie - A&amp;B<\/title>\n<meta name=\"description\" content=\"Digitalisierung &amp; Technologie Digitalisierung als Schl\u00fcssel zum UnternehmenserfolgDie Digitalisierung ist heute ein zentraler Erfolgsfaktor f\u00fcr\" \/>\n<meta name=\"robots\" content=\"index, follow, max-snippet:-1, max-image-preview:large, max-video-preview:-1\" \/>\n<link rel=\"canonical\" href=\"https:\/\/above-beyond.de\/en\/digitalisierung-technologie\/\" \/>\n<meta property=\"og:locale\" content=\"en_US\" \/>\n<meta property=\"og:type\" content=\"article\" \/>\n<meta property=\"og:title\" content=\"Digitalisierung und Technologie - A&amp;B\" \/>\n<meta property=\"og:description\" content=\"Digitalisierung &amp; Technologie Digitalisierung als Schl\u00fcssel zum UnternehmenserfolgDie Digitalisierung ist heute ein zentraler Erfolgsfaktor f\u00fcr\" \/>\n<meta property=\"og:url\" content=\"https:\/\/above-beyond.de\/en\/digitalisierung-technologie\/\" \/>\n<meta property=\"og:site_name\" content=\"A&amp;B\" \/>\n<meta property=\"article:modified_time\" content=\"2025-04-17T11:32:03+00:00\" \/>\n<meta property=\"og:image\" content=\"https:\/\/above-beyond.de\/wp-content\/uploads\/2025\/02\/AB-llooggoo.png\" \/>\n\t<meta property=\"og:image:width\" content=\"426\" \/>\n\t<meta property=\"og:image:height\" content=\"181\" \/>\n\t<meta property=\"og:image:type\" content=\"image\/png\" \/>\n<meta name=\"twitter:card\" content=\"summary_large_image\" \/>\n<meta name=\"twitter:label1\" content=\"Est. reading time\" \/>\n\t<meta name=\"twitter:data1\" content=\"3 minutes\" \/>\n<script type=\"application\/ld+json\" class=\"yoast-schema-graph\">{\"@context\":\"https:\\\/\\\/schema.org\",\"@graph\":[{\"@type\":\"WebPage\",\"@id\":\"https:\\\/\\\/above-beyond.de\\\/digitalisierung-technologie\\\/\",\"url\":\"https:\\\/\\\/above-beyond.de\\\/digitalisierung-technologie\\\/\",\"name\":\"Digitalisierung und Technologie - A&amp;B\",\"isPartOf\":{\"@id\":\"https:\\\/\\\/above-beyond.de\\\/#website\"},\"primaryImageOfPage\":{\"@id\":\"https:\\\/\\\/above-beyond.de\\\/digitalisierung-technologie\\\/#primaryimage\"},\"image\":{\"@id\":\"https:\\\/\\\/above-beyond.de\\\/digitalisierung-technologie\\\/#primaryimage\"},\"thumbnailUrl\":\"https:\\\/\\\/above-beyond.de\\\/wp-content\\\/uploads\\\/2025\\\/02\\\/AB-llooggoo.png\",\"datePublished\":\"2025-03-20T14:34:44+00:00\",\"dateModified\":\"2025-04-17T11:32:03+00:00\",\"description\":\"Digitalisierung &amp; Technologie Digitalisierung als Schl\u00fcssel zum UnternehmenserfolgDie Digitalisierung ist heute ein zentraler Erfolgsfaktor f\u00fcr\",\"breadcrumb\":{\"@id\":\"https:\\\/\\\/above-beyond.de\\\/digitalisierung-technologie\\\/#breadcrumb\"},\"inLanguage\":\"en-US\",\"potentialAction\":[{\"@type\":\"ReadAction\",\"target\":[\"https:\\\/\\\/above-beyond.de\\\/digitalisierung-technologie\\\/\"]}]},{\"@type\":\"ImageObject\",\"inLanguage\":\"en-US\",\"@id\":\"https:\\\/\\\/above-beyond.de\\\/digitalisierung-technologie\\\/#primaryimage\",\"url\":\"https:\\\/\\\/above-beyond.de\\\/wp-content\\\/uploads\\\/2025\\\/02\\\/AB-llooggoo.png\",\"contentUrl\":\"https:\\\/\\\/above-beyond.de\\\/wp-content\\\/uploads\\\/2025\\\/02\\\/AB-llooggoo.png\"},{\"@type\":\"BreadcrumbList\",\"@id\":\"https:\\\/\\\/above-beyond.de\\\/digitalisierung-technologie\\\/#breadcrumb\",\"itemListElement\":[{\"@type\":\"ListItem\",\"position\":1,\"name\":\"Startseite\",\"item\":\"https:\\\/\\\/above-beyond.de\\\/\"},{\"@type\":\"ListItem\",\"position\":2,\"name\":\"Digitalisierung und Technologie\"}]},{\"@type\":\"WebSite\",\"@id\":\"https:\\\/\\\/above-beyond.de\\\/#website\",\"url\":\"https:\\\/\\\/above-beyond.de\\\/\",\"name\":\"above-beyond.de\",\"description\":\"Transformation &amp; Organisation| Digitalisierung &amp; Technologie |  SAP Consulting | Finanzen | Programm- und Projektmanagement\",\"publisher\":{\"@id\":\"https:\\\/\\\/above-beyond.de\\\/#organization\"},\"alternateName\":\"Above & Beyond\",\"potentialAction\":[{\"@type\":\"SearchAction\",\"target\":{\"@type\":\"EntryPoint\",\"urlTemplate\":\"https:\\\/\\\/above-beyond.de\\\/?s={search_term_string}\"},\"query-input\":{\"@type\":\"PropertyValueSpecification\",\"valueRequired\":true,\"valueName\":\"search_term_string\"}}],\"inLanguage\":\"en-US\"},{\"@type\":\"Organization\",\"@id\":\"https:\\\/\\\/above-beyond.de\\\/#organization\",\"name\":\"Above & Beyond GmbH\",\"alternateName\":\"A&B\",\"url\":\"https:\\\/\\\/above-beyond.de\\\/\",\"logo\":{\"@type\":\"ImageObject\",\"inLanguage\":\"en-US\",\"@id\":\"https:\\\/\\\/above-beyond.de\\\/#\\\/schema\\\/logo\\\/image\\\/\",\"url\":\"https:\\\/\\\/above-beyond.de\\\/wp-content\\\/uploads\\\/2021\\\/08\\\/cropped-above_and_beyond_logo_subline.png\",\"contentUrl\":\"https:\\\/\\\/above-beyond.de\\\/wp-content\\\/uploads\\\/2021\\\/08\\\/cropped-above_and_beyond_logo_subline.png\",\"width\":290,\"height\":115,\"caption\":\"Above & Beyond GmbH\"},\"image\":{\"@id\":\"https:\\\/\\\/above-beyond.de\\\/#\\\/schema\\\/logo\\\/image\\\/\"},\"sameAs\":[\"https:\\\/\\\/www.linkedin.com\\\/company\\\/above-beyond-gmbh\\\/posts\\\/?feedView=all\"]}]}<\/script>\n<!-- \/ Yoast SEO plugin. -->","yoast_head_json":{"title":"Digitalisierung und Technologie - A&amp;B","description":"Digitalisierung &amp; Technologie Digitalisierung als Schl\u00fcssel zum UnternehmenserfolgDie Digitalisierung ist heute ein zentraler Erfolgsfaktor f\u00fcr","robots":{"index":"index","follow":"follow","max-snippet":"max-snippet:-1","max-image-preview":"max-image-preview:large","max-video-preview":"max-video-preview:-1"},"canonical":"https:\/\/above-beyond.de\/en\/digitalisierung-technologie\/","og_locale":"en_US","og_type":"article","og_title":"Digitalisierung und Technologie - A&amp;B","og_description":"Digitalisierung &amp; Technologie Digitalisierung als Schl\u00fcssel zum UnternehmenserfolgDie Digitalisierung ist heute ein zentraler Erfolgsfaktor f\u00fcr","og_url":"https:\/\/above-beyond.de\/en\/digitalisierung-technologie\/","og_site_name":"A&amp;B","article_modified_time":"2025-04-17T11:32:03+00:00","og_image":[{"width":426,"height":181,"url":"https:\/\/above-beyond.de\/wp-content\/uploads\/2025\/02\/AB-llooggoo.png","type":"image\/png"}],"twitter_card":"summary_large_image","twitter_misc":{"Est. reading time":"3 minutes"},"schema":{"@context":"https:\/\/schema.org","@graph":[{"@type":"WebPage","@id":"https:\/\/above-beyond.de\/digitalisierung-technologie\/","url":"https:\/\/above-beyond.de\/digitalisierung-technologie\/","name":"Digitalisierung und Technologie - A&amp;B","isPartOf":{"@id":"https:\/\/above-beyond.de\/#website"},"primaryImageOfPage":{"@id":"https:\/\/above-beyond.de\/digitalisierung-technologie\/#primaryimage"},"image":{"@id":"https:\/\/above-beyond.de\/digitalisierung-technologie\/#primaryimage"},"thumbnailUrl":"https:\/\/above-beyond.de\/wp-content\/uploads\/2025\/02\/AB-llooggoo.png","datePublished":"2025-03-20T14:34:44+00:00","dateModified":"2025-04-17T11:32:03+00:00","description":"Digitalisierung &amp; Technologie Digitalisierung als Schl\u00fcssel zum UnternehmenserfolgDie Digitalisierung ist heute ein zentraler Erfolgsfaktor f\u00fcr","breadcrumb":{"@id":"https:\/\/above-beyond.de\/digitalisierung-technologie\/#breadcrumb"},"inLanguage":"en-US","potentialAction":[{"@type":"ReadAction","target":["https:\/\/above-beyond.de\/digitalisierung-technologie\/"]}]},{"@type":"ImageObject","inLanguage":"en-US","@id":"https:\/\/above-beyond.de\/digitalisierung-technologie\/#primaryimage","url":"https:\/\/above-beyond.de\/wp-content\/uploads\/2025\/02\/AB-llooggoo.png","contentUrl":"https:\/\/above-beyond.de\/wp-content\/uploads\/2025\/02\/AB-llooggoo.png"},{"@type":"BreadcrumbList","@id":"https:\/\/above-beyond.de\/digitalisierung-technologie\/#breadcrumb","itemListElement":[{"@type":"ListItem","position":1,"name":"Startseite","item":"https:\/\/above-beyond.de\/"},{"@type":"ListItem","position":2,"name":"Digitalisierung und Technologie"}]},{"@type":"WebSite","@id":"https:\/\/above-beyond.de\/#website","url":"https:\/\/above-beyond.de\/","name":"above-beyond.de","description":"Transformation &amp; Organisation| Digitalisierung &amp; Technologie |  SAP Consulting | Finanzen | Programm- und Projektmanagement","publisher":{"@id":"https:\/\/above-beyond.de\/#organization"},"alternateName":"Above & Beyond","potentialAction":[{"@type":"SearchAction","target":{"@type":"EntryPoint","urlTemplate":"https:\/\/above-beyond.de\/?s={search_term_string}"},"query-input":{"@type":"PropertyValueSpecification","valueRequired":true,"valueName":"search_term_string"}}],"inLanguage":"en-US"},{"@type":"Organization","@id":"https:\/\/above-beyond.de\/#organization","name":"Above & Beyond GmbH","alternateName":"A&B","url":"https:\/\/above-beyond.de\/","logo":{"@type":"ImageObject","inLanguage":"en-US","@id":"https:\/\/above-beyond.de\/#\/schema\/logo\/image\/","url":"https:\/\/above-beyond.de\/wp-content\/uploads\/2021\/08\/cropped-above_and_beyond_logo_subline.png","contentUrl":"https:\/\/above-beyond.de\/wp-content\/uploads\/2021\/08\/cropped-above_and_beyond_logo_subline.png","width":290,"height":115,"caption":"Above & Beyond GmbH"},"image":{"@id":"https:\/\/above-beyond.de\/#\/schema\/logo\/image\/"},"sameAs":["https:\/\/www.linkedin.com\/company\/above-beyond-gmbh\/posts\/?feedView=all"]}]}},"_links":{"self":[{"href":"https:\/\/above-beyond.de\/en\/wp-json\/wp\/v2\/pages\/1958","targetHints":{"allow":["GET"]}}],"collection":[{"href":"https:\/\/above-beyond.de\/en\/wp-json\/wp\/v2\/pages"}],"about":[{"href":"https:\/\/above-beyond.de\/en\/wp-json\/wp\/v2\/types\/page"}],"author":[{"embeddable":true,"href":"https:\/\/above-beyond.de\/en\/wp-json\/wp\/v2\/users\/1"}],"replies":[{"embeddable":true,"href":"https:\/\/above-beyond.de\/en\/wp-json\/wp\/v2\/comments?post=1958"}],"version-history":[{"count":13,"href":"https:\/\/above-beyond.de\/en\/wp-json\/wp\/v2\/pages\/1958\/revisions"}],"predecessor-version":[{"id":2114,"href":"https:\/\/above-beyond.de\/en\/wp-json\/wp\/v2\/pages\/1958\/revisions\/2114"}],"wp:attachment":[{"href":"https:\/\/above-beyond.de\/en\/wp-json\/wp\/v2\/media?parent=1958"}],"curies":[{"name":"wp","href":"https:\/\/api.w.org\/{rel}","templated":true}]}}