{"id":1544,"date":"2025-02-16T17:33:50","date_gmt":"2025-02-16T17:33:50","guid":{"rendered":"https:\/\/above-beyond.de\/?page_id=1544"},"modified":"2025-05-06T12:05:21","modified_gmt":"2025-05-06T12:05:21","slug":"kontakt-ab","status":"publish","type":"page","link":"https:\/\/above-beyond.de\/en\/kontakt-ab\/","title":{"rendered":"Contact us"},"content":{"rendered":"<div data-elementor-type=\"wp-page\" data-elementor-id=\"1544\" class=\"elementor elementor-1544\">\n\t\t\t\t<header class=\"elementor-element elementor-element-9b6d6ba e-flex e-con-boxed e-con e-parent\" data-id=\"9b6d6ba\" data-element_type=\"container\" data-e-type=\"container\" data-settings=\"{&quot;background_background&quot;:&quot;classic&quot;,&quot;shape_divider_bottom&quot;:&quot;triangle-asymmetrical&quot;}\">\n\t\t\t\t\t<div class=\"e-con-inner\">\n\t\t\t\t<div class=\"elementor-shape elementor-shape-bottom\" aria-hidden=\"true\" data-negative=\"false\">\n\t\t\t<svg xmlns=\"http:\/\/www.w3.org\/2000\/svg\" viewbox=\"0 0 1000 100\" preserveaspectratio=\"none\">\n\t<path class=\"elementor-shape-fill\" d=\"M738,99l262-93V0H0v5.6L738,99z\"\/>\n<\/svg>\t\t<\/div>\n\t\t<div class=\"elementor-element elementor-element-10260d7 e-con-full e-flex e-con e-child\" data-id=\"10260d7\" data-element_type=\"container\" data-e-type=\"container\">\n\t\t<div class=\"elementor-element elementor-element-30fc214 e-con-full e-flex e-con e-child\" data-id=\"30fc214\" data-element_type=\"container\" data-e-type=\"container\">\n\t\t<div class=\"elementor-element elementor-element-65a9768 e-con-full e-flex e-con e-child\" data-id=\"65a9768\" data-element_type=\"container\" data-e-type=\"container\">\n\t\t\t\t<div class=\"elementor-element elementor-element-fbdf035 elementor-widget__width-initial elementor-widget elementor-widget-image\" data-id=\"fbdf035\" data-element_type=\"widget\" data-e-type=\"widget\" data-widget_type=\"image.default\">\n\t\t\t\t<div class=\"elementor-widget-container\">\n\t\t\t\t\t\t\t\t\t\t\t\t\t\t\t<img fetchpriority=\"high\" decoding=\"async\" width=\"426\" height=\"181\" src=\"https:\/\/above-beyond.de\/wp-content\/uploads\/2025\/02\/AB-llooggoo.png\" class=\"attachment-large size-large wp-image-1366\" alt=\"\" \/>\t\t\t\t\t\t\t\t\t\t\t\t\t\t\t<\/div>\n\t\t\t\t<\/div>\n\t\t\t\t<\/div>\n\t\t<div class=\"elementor-element elementor-element-f9909ac e-con-full e-flex e-con e-child\" data-id=\"f9909ac\" data-element_type=\"container\" data-e-type=\"container\">\n\t\t\t\t<div class=\"elementor-element elementor-element-9f6d373 elementor-widget elementor-widget-heading\" data-id=\"9f6d373\" data-element_type=\"widget\" data-e-type=\"widget\" data-widget_type=\"heading.default\">\n\t\t\t\t<div class=\"elementor-widget-container\">\n\t\t\t\t\t<h2 class=\"elementor-heading-title elementor-size-default\">CONTACT<\/h2>\t\t\t\t<\/div>\n\t\t\t\t<\/div>\n\t\t\t\t<div class=\"elementor-element elementor-element-06e7dcc elementor-widget elementor-widget-heading\" data-id=\"06e7dcc\" data-element_type=\"widget\" data-e-type=\"widget\" data-widget_type=\"heading.default\">\n\t\t\t\t<div class=\"elementor-widget-container\">\n\t\t\t\t\t<h2 class=\"elementor-heading-title elementor-size-default\">How to reach us<\/h2>\t\t\t\t<\/div>\n\t\t\t\t<\/div>\n\t\t\t\t<\/div>\n\t\t\t\t<\/div>\n\t\t\t\t<\/div>\n\t\t\t\t\t<\/div>\n\t\t\t\t<\/header>\n\t\t<div class=\"elementor-element elementor-element-ad73982 e-flex e-con-boxed e-con e-parent\" data-id=\"ad73982\" data-element_type=\"container\" data-e-type=\"container\">\n\t\t\t\t\t<div class=\"e-con-inner\">\n\t\t<div class=\"elementor-element elementor-element-65b7c17 e-con-full e-flex e-con e-child\" data-id=\"65b7c17\" data-element_type=\"container\" data-e-type=\"container\">\n\t\t\t\t<div class=\"elementor-element elementor-element-aa3bdf8 elementor-widget elementor-widget-heading\" data-id=\"aa3bdf8\" data-element_type=\"widget\" data-e-type=\"widget\" data-widget_type=\"heading.default\">\n\t\t\t\t<div class=\"elementor-widget-container\">\n\t\t\t\t\t<h2 class=\"elementor-heading-title elementor-size-default\">The company<\/h2>\t\t\t\t<\/div>\n\t\t\t\t<\/div>\n\t\t\t\t<div class=\"elementor-element elementor-element-fe157dc elementor-widget-divider--view-line elementor-widget elementor-widget-divider\" data-id=\"fe157dc\" data-element_type=\"widget\" data-e-type=\"widget\" data-widget_type=\"divider.default\">\n\t\t\t\t<div class=\"elementor-widget-container\">\n\t\t\t\t\t\t\t<div class=\"elementor-divider\">\n\t\t\t<span class=\"elementor-divider-separator\">\n\t\t\t\t\t\t<\/span>\n\t\t<\/div>\n\t\t\t\t\t\t<\/div>\n\t\t\t\t<\/div>\n\t\t\t\t<\/div>\n\t\t\t\t<div class=\"elementor-element elementor-element-a4d001a elementor-widget elementor-widget-text-editor\" data-id=\"a4d001a\" data-element_type=\"widget\" data-e-type=\"widget\" data-widget_type=\"text-editor.default\">\n\t\t\t\t<div class=\"elementor-widget-container\">\n\t\t\t\t\t\t\t\t\t<p>Above &amp; Beyond is headquartered in Bielefeld, where the company was founded.<\/p><p>For general inquiries, please contact us here.<\/p>\t\t\t\t\t\t\t\t<\/div>\n\t\t\t\t<\/div>\n\t\t<div class=\"elementor-element elementor-element-4a53e49 e-con-full e-flex e-con e-child\" data-id=\"4a53e49\" data-element_type=\"container\" data-e-type=\"container\">\n\t\t<div class=\"elementor-element elementor-element-3e1e76b e-con-full e-flex e-con e-child\" data-id=\"3e1e76b\" data-element_type=\"container\" data-e-type=\"container\">\n\t\t\t\t<div class=\"elementor-element elementor-element-7872944 elementor-view-default elementor-position-block-start elementor-mobile-position-block-start elementor-widget elementor-widget-icon-box\" data-id=\"7872944\" data-element_type=\"widget\" data-e-type=\"widget\" data-widget_type=\"icon-box.default\">\n\t\t\t\t<div class=\"elementor-widget-container\">\n\t\t\t\t\t\t\t<div class=\"elementor-icon-box-wrapper\">\n\n\t\t\t\t\t\t<div class=\"elementor-icon-box-icon\">\n\t\t\t\t<a href=\"http:\/\/customerservice@above-beyond.de\/en\/\" class=\"elementor-icon elementor-animation-grow\" tabindex=\"-1\" aria-label=\"Mail\">\n\t\t\t\t<svg aria-hidden=\"true\" class=\"e-font-icon-svg e-fas-mail-bulk\" viewbox=\"0 0 576 512\" xmlns=\"http:\/\/www.w3.org\/2000\/svg\"><path d=\"M160 448c-25.6 0-51.2-22.4-64-32-64-44.8-83.2-60.8-96-70.4V480c0 17.67 14.33 32 32 32h256c17.67 0 32-14.33 32-32V345.6c-12.8 9.6-32 25.6-96 70.4-12.8 9.6-38.4 32-64 32zm128-192H32c-17.67 0-32 14.33-32 32v16c25.6 19.2 22.4 19.2 115.2 86.4 9.6 6.4 28.8 25.6 44.8 25.6s35.2-19.2 44.8-22.4c92.8-67.2 89.6-67.2 115.2-86.4V288c0-17.67-14.33-32-32-32zm256-96H224c-17.67 0-32 14.33-32 32v32h96c33.21 0 60.59 25.42 63.71 57.82l.29-.22V416h192c17.67 0 32-14.33 32-32V192c0-17.67-14.33-32-32-32zm-32 128h-64v-64h64v64zm-352-96c0-35.29 28.71-64 64-64h224V32c0-17.67-14.33-32-32-32H96C78.33 0 64 14.33 64 32v192h96v-32z\"><\/path><\/svg>\t\t\t\t<\/a>\n\t\t\t<\/div>\n\t\t\t\n\t\t\t\t\t\t<div class=\"elementor-icon-box-content\">\n\n\t\t\t\t\t\t\t\t\t<h3 class=\"elementor-icon-box-title\">\n\t\t\t\t\t\t<a href=\"http:\/\/customerservice@above-beyond.de\/en\/\" >\n\t\t\t\t\t\t\tMail\t\t\t\t\t\t<\/a>\n\t\t\t\t\t<\/h3>\n\t\t\t\t\n\t\t\t\t\t\t\t\t\t<p class=\"elementor-icon-box-description\">\n\t\t\t\t\t\tcustomerservice@above-beyond.de\t\t\t\t\t<\/p>\n\t\t\t\t\n\t\t\t<\/div>\n\t\t\t\n\t\t<\/div>\n\t\t\t\t\t\t<\/div>\n\t\t\t\t<\/div>\n\t\t\t\t<\/div>\n\t\t<div class=\"elementor-element elementor-element-7060e6d e-con-full e-flex e-con e-child\" data-id=\"7060e6d\" data-element_type=\"container\" data-e-type=\"container\">\n\t\t\t\t<div class=\"elementor-element elementor-element-ad77713 elementor-view-default elementor-position-block-start elementor-mobile-position-block-start elementor-widget elementor-widget-icon-box\" data-id=\"ad77713\" data-element_type=\"widget\" data-e-type=\"widget\" data-widget_type=\"icon-box.default\">\n\t\t\t\t<div class=\"elementor-widget-container\">\n\t\t\t\t\t\t\t<div class=\"elementor-icon-box-wrapper\">\n\n\t\t\t\t\t\t<div class=\"elementor-icon-box-icon\">\n\t\t\t\t<a href=\"http:\/\/customerservice@above-beyond.de\/en\/\" class=\"elementor-icon elementor-animation-grow\" tabindex=\"-1\" aria-label=\"Address\">\n\t\t\t\t<svg aria-hidden=\"true\" class=\"e-font-icon-svg e-fas-map-pin\" viewbox=\"0 0 288 512\" xmlns=\"http:\/\/www.w3.org\/2000\/svg\"><path d=\"M112 316.94v156.69l22.02 33.02c4.75 7.12 15.22 7.12 19.97 0L176 473.63V316.94c-10.39 1.92-21.06 3.06-32 3.06s-21.61-1.14-32-3.06zM144 0C64.47 0 0 64.47 0 144s64.47 144 144 144 144-64.47 144-144S223.53 0 144 0zm0 76c-37.5 0-68 30.5-68 68 0 6.62-5.38 12-12 12s-12-5.38-12-12c0-50.73 41.28-92 92-92 6.62 0 12 5.38 12 12s-5.38 12-12 12z\"><\/path><\/svg>\t\t\t\t<\/a>\n\t\t\t<\/div>\n\t\t\t\n\t\t\t\t\t\t<div class=\"elementor-icon-box-content\">\n\n\t\t\t\t\t\t\t\t\t<h3 class=\"elementor-icon-box-title\">\n\t\t\t\t\t\t<a href=\"http:\/\/customerservice@above-beyond.de\/en\/\" >\n\t\t\t\t\t\t\tAddress\t\t\t\t\t\t<\/a>\n\t\t\t\t\t<\/h3>\n\t\t\t\t\n\t\t\t\t\t\t\t\t\t<p class=\"elementor-icon-box-description\">\n\t\t\t\t\t\tAbove &amp; Beyond GmbH<br>Potsdamer Stra\u00dfe 150<br>33719 Bielefeld, GERMANY\n\t\t\t\t\t<\/p>\n\t\t\t\t\n\t\t\t<\/div>\n\t\t\t\n\t\t<\/div>\n\t\t\t\t\t\t<\/div>\n\t\t\t\t<\/div>\n\t\t\t\t<\/div>\n\t\t<div class=\"elementor-element elementor-element-17426b4 e-con-full e-flex e-con e-child\" data-id=\"17426b4\" data-element_type=\"container\" data-e-type=\"container\">\n\t\t\t\t<div class=\"elementor-element elementor-element-c9c4545 elementor-view-default elementor-position-block-start elementor-mobile-position-block-start elementor-widget elementor-widget-icon-box\" data-id=\"c9c4545\" data-element_type=\"widget\" data-e-type=\"widget\" data-widget_type=\"icon-box.default\">\n\t\t\t\t<div class=\"elementor-widget-container\">\n\t\t\t\t\t\t\t<div class=\"elementor-icon-box-wrapper\">\n\n\t\t\t\t\t\t<div class=\"elementor-icon-box-icon\">\n\t\t\t\t<a href=\"http:\/\/customerservice@above-beyond.de\/en\/\" class=\"elementor-icon elementor-animation-grow\" tabindex=\"-1\" aria-label=\"Telephone\">\n\t\t\t\t<svg aria-hidden=\"true\" class=\"e-font-icon-svg e-fas-phone-alt\" viewbox=\"0 0 512 512\" xmlns=\"http:\/\/www.w3.org\/2000\/svg\"><path d=\"M497.39 361.8l-112-48a24 24 0 0 0-28 6.9l-49.6 60.6A370.66 370.66 0 0 1 130.6 204.11l60.6-49.6a23.94 23.94 0 0 0 6.9-28l-48-112A24.16 24.16 0 0 0 122.6.61l-104 24A24 24 0 0 0 0 48c0 256.5 207.9 464 464 464a24 24 0 0 0 23.4-18.6l24-104a24.29 24.29 0 0 0-14.01-27.6z\"><\/path><\/svg>\t\t\t\t<\/a>\n\t\t\t<\/div>\n\t\t\t\n\t\t\t\t\t\t<div class=\"elementor-icon-box-content\">\n\n\t\t\t\t\t\t\t\t\t<h3 class=\"elementor-icon-box-title\">\n\t\t\t\t\t\t<a href=\"http:\/\/customerservice@above-beyond.de\/en\/\" >\n\t\t\t\t\t\t\tTelephone\t\t\t\t\t\t<\/a>\n\t\t\t\t\t<\/h3>\n\t\t\t\t\n\t\t\t\t\t\t\t\t\t<p class=\"elementor-icon-box-description\">\n\t\t\t\t\t\t+49-521- 32924089\n\t\t\t\t\t<\/p>\n\t\t\t\t\n\t\t\t<\/div>\n\t\t\t\n\t\t<\/div>\n\t\t\t\t\t\t<\/div>\n\t\t\t\t<\/div>\n\t\t\t\t<\/div>\n\t\t\t\t<\/div>\n\t\t\t\t\t<\/div>\n\t\t\t\t<\/div>\n\t\t<div class=\"elementor-element elementor-element-bf212c4 e-flex e-con-boxed e-con e-parent\" data-id=\"bf212c4\" data-element_type=\"container\" data-e-type=\"container\">\n\t\t\t\t\t<div class=\"e-con-inner\">\n\t\t<div class=\"elementor-element elementor-element-76e1e06 e-con-full e-flex e-con e-child\" data-id=\"76e1e06\" data-element_type=\"container\" data-e-type=\"container\">\n\t\t\t\t<div class=\"elementor-element elementor-element-36c8e2e elementor-widget elementor-widget-heading\" data-id=\"36c8e2e\" data-element_type=\"widget\" data-e-type=\"widget\" data-widget_type=\"heading.default\">\n\t\t\t\t<div class=\"elementor-widget-container\">\n\t\t\t\t\t<h2 class=\"elementor-heading-title elementor-size-default\">Our location - Visit us<\/h2>\t\t\t\t<\/div>\n\t\t\t\t<\/div>\n\t\t\t\t<div class=\"elementor-element elementor-element-19d9a62 elementor-widget-divider--view-line elementor-widget elementor-widget-divider\" data-id=\"19d9a62\" data-element_type=\"widget\" data-e-type=\"widget\" data-widget_type=\"divider.default\">\n\t\t\t\t<div class=\"elementor-widget-container\">\n\t\t\t\t\t\t\t<div class=\"elementor-divider\">\n\t\t\t<span class=\"elementor-divider-separator\">\n\t\t\t\t\t\t<\/span>\n\t\t<\/div>\n\t\t\t\t\t\t<\/div>\n\t\t\t\t<\/div>\n\t\t\t\t<\/div>\n\t\t<div class=\"elementor-element elementor-element-58c5004 e-con-full e-flex e-con e-child\" data-id=\"58c5004\" data-element_type=\"container\" data-e-type=\"container\">\n\t\t\t\t<div class=\"elementor-element elementor-element-5889ff5 elementor-widget elementor-widget-google_maps\" data-id=\"5889ff5\" data-element_type=\"widget\" data-e-type=\"widget\" data-widget_type=\"google_maps.default\">\n\t\t\t\t<div class=\"elementor-widget-container\">\n\t\t\t\t\t\t\t<div class=\"elementor-custom-embed\">\n\t\t\t<iframe loading=\"lazy\"\n\t\t\t\t\tsrc=\"https:\/\/maps.google.com\/maps?q=Potsdamerstra%C3%9Fe%20150%2C%20Bielefeld&#038;t=m&#038;z=12&#038;output=embed&#038;iwloc=near\"\n\t\t\t\t\ttitle=\"Potsdamerstra\u00dfe 150, Bielefeld\"\n\t\t\t\t\taria-label=\"Potsdamerstra\u00dfe 150, Bielefeld\"\n\t\t\t><\/iframe>\n\t\t<\/div>\n\t\t\t\t\t\t<\/div>\n\t\t\t\t<\/div>\n\t\t\t\t<\/div>\n\t\t\t\t\t<\/div>\n\t\t\t\t<\/div>\n\t\t\t\t<\/div>","protected":false},"excerpt":{"rendered":"<p>KONTAKT Wie Sie uns erreichen Unternehmen Der Hauptsitz von Above &amp; Beyond liegt in Bielefeld, dem Gr\u00fcndungsort des Unternehmens. F\u00fcr allgemeine Anfragen stehen wir Ihnen hier gerne zur Verf\u00fcgung. Mail customerservice@above-beyond.de Adresse Above &amp; Beyond GmbHPotsdamer Stra\u00dfe 15033719 Bielefeld, GERMANY Telefon +49-521- 32924089 Unser Standort &#8211; Besuchen Sie uns<\/p>","protected":false},"author":1,"featured_media":0,"parent":0,"menu_order":0,"comment_status":"closed","ping_status":"closed","template":"","meta":{"site-sidebar-layout":"no-sidebar","site-content-layout":"page-builder","ast-site-content-layout":"full-width-container","site-content-style":"default","site-sidebar-style":"default","ast-global-header-display":"","ast-banner-title-visibility":"","ast-main-header-display":"","ast-hfb-above-header-display":"","ast-hfb-below-header-display":"","ast-hfb-mobile-header-display":"","site-post-title":"disabled","ast-breadcrumbs-content":"","ast-featured-img":"disabled","footer-sml-layout":"","ast-disable-related-posts":"","theme-transparent-header-meta":"","adv-header-id-meta":"","stick-header-meta":"","header-above-stick-meta":"","header-main-stick-meta":"","header-below-stick-meta":"","astra-migrate-meta-layouts":"default","ast-page-background-enabled":"default","ast-page-background-meta":{"desktop":{"background-color":"","background-image":"","background-repeat":"repeat","background-position":"center center","background-size":"auto","background-attachment":"scroll","background-type":"","background-media":"","overlay-type":"","overlay-color":"","overlay-opacity":"","overlay-gradient":""},"tablet":{"background-color":"","background-image":"","background-repeat":"repeat","background-position":"center center","background-size":"auto","background-attachment":"scroll","background-type":"","background-media":"","overlay-type":"","overlay-color":"","overlay-opacity":"","overlay-gradient":""},"mobile":{"background-color":"","background-image":"","background-repeat":"repeat","background-position":"center center","background-size":"auto","background-attachment":"scroll","background-type":"","background-media":"","overlay-type":"","overlay-color":"","overlay-opacity":"","overlay-gradient":""}},"ast-content-background-meta":{"desktop":{"background-color":"var(--ast-global-color-5)","background-image":"","background-repeat":"repeat","background-position":"center center","background-size":"auto","background-attachment":"scroll","background-type":"","background-media":"","overlay-type":"","overlay-color":"","overlay-opacity":"","overlay-gradient":""},"tablet":{"background-color":"var(--ast-global-color-5)","background-image":"","background-repeat":"repeat","background-position":"center center","background-size":"auto","background-attachment":"scroll","background-type":"","background-media":"","overlay-type":"","overlay-color":"","overlay-opacity":"","overlay-gradient":""},"mobile":{"background-color":"var(--ast-global-color-5)","background-image":"","background-repeat":"repeat","background-position":"center center","background-size":"auto","background-attachment":"scroll","background-type":"","background-media":"","overlay-type":"","overlay-color":"","overlay-opacity":"","overlay-gradient":""}},"footnotes":""},"class_list":["post-1544","page","type-page","status-publish","hentry"],"yoast_head":"<!-- This site is optimized with the Yoast SEO plugin v27.4 - https:\/\/yoast.com\/product\/yoast-seo-wordpress\/ -->\n<title>Kontakt - A&amp;B<\/title>\n<meta name=\"description\" content=\"KONTAKT Wie Sie uns erreichen Unternehmen Der Hauptsitz von Above &amp; Beyond liegt in Bielefeld, dem Gr\u00fcndungsort des Unternehmens.F\u00fcr allgemeine\" \/>\n<meta name=\"robots\" content=\"index, follow, max-snippet:-1, max-image-preview:large, max-video-preview:-1\" \/>\n<link rel=\"canonical\" href=\"https:\/\/above-beyond.de\/en\/kontakt-ab\/\" \/>\n<meta property=\"og:locale\" content=\"en_US\" \/>\n<meta property=\"og:type\" content=\"article\" \/>\n<meta property=\"og:title\" content=\"Kontakt - A&amp;B\" \/>\n<meta property=\"og:description\" content=\"KONTAKT Wie Sie uns erreichen Unternehmen Der Hauptsitz von Above &amp; Beyond liegt in Bielefeld, dem Gr\u00fcndungsort des Unternehmens.F\u00fcr allgemeine\" \/>\n<meta property=\"og:url\" content=\"https:\/\/above-beyond.de\/en\/kontakt-ab\/\" \/>\n<meta property=\"og:site_name\" content=\"A&amp;B\" \/>\n<meta property=\"article:modified_time\" content=\"2025-05-06T12:05:21+00:00\" \/>\n<meta property=\"og:image\" content=\"https:\/\/above-beyond.de\/wp-content\/uploads\/2025\/02\/AB-llooggoo.png\" \/>\n\t<meta property=\"og:image:width\" content=\"426\" \/>\n\t<meta property=\"og:image:height\" content=\"181\" \/>\n\t<meta property=\"og:image:type\" content=\"image\/png\" \/>\n<meta name=\"twitter:card\" content=\"summary_large_image\" \/>\n<meta name=\"twitter:label1\" content=\"Est. reading time\" \/>\n\t<meta name=\"twitter:data1\" content=\"1 minute\" \/>\n<script type=\"application\/ld+json\" class=\"yoast-schema-graph\">{\"@context\":\"https:\\\/\\\/schema.org\",\"@graph\":[{\"@type\":\"WebPage\",\"@id\":\"https:\\\/\\\/above-beyond.de\\\/kontakt-ab\\\/\",\"url\":\"https:\\\/\\\/above-beyond.de\\\/kontakt-ab\\\/\",\"name\":\"Kontakt - A&amp;B\",\"isPartOf\":{\"@id\":\"https:\\\/\\\/above-beyond.de\\\/#website\"},\"primaryImageOfPage\":{\"@id\":\"https:\\\/\\\/above-beyond.de\\\/kontakt-ab\\\/#primaryimage\"},\"image\":{\"@id\":\"https:\\\/\\\/above-beyond.de\\\/kontakt-ab\\\/#primaryimage\"},\"thumbnailUrl\":\"https:\\\/\\\/above-beyond.de\\\/wp-content\\\/uploads\\\/2025\\\/02\\\/AB-llooggoo.png\",\"datePublished\":\"2025-02-16T17:33:50+00:00\",\"dateModified\":\"2025-05-06T12:05:21+00:00\",\"description\":\"KONTAKT Wie Sie uns erreichen Unternehmen Der Hauptsitz von Above &amp; Beyond liegt in Bielefeld, dem Gr\u00fcndungsort des Unternehmens.F\u00fcr allgemeine\",\"breadcrumb\":{\"@id\":\"https:\\\/\\\/above-beyond.de\\\/kontakt-ab\\\/#breadcrumb\"},\"inLanguage\":\"en-US\",\"potentialAction\":[{\"@type\":\"ReadAction\",\"target\":[\"https:\\\/\\\/above-beyond.de\\\/kontakt-ab\\\/\"]}]},{\"@type\":\"ImageObject\",\"inLanguage\":\"en-US\",\"@id\":\"https:\\\/\\\/above-beyond.de\\\/kontakt-ab\\\/#primaryimage\",\"url\":\"https:\\\/\\\/above-beyond.de\\\/wp-content\\\/uploads\\\/2025\\\/02\\\/AB-llooggoo.png\",\"contentUrl\":\"https:\\\/\\\/above-beyond.de\\\/wp-content\\\/uploads\\\/2025\\\/02\\\/AB-llooggoo.png\"},{\"@type\":\"BreadcrumbList\",\"@id\":\"https:\\\/\\\/above-beyond.de\\\/kontakt-ab\\\/#breadcrumb\",\"itemListElement\":[{\"@type\":\"ListItem\",\"position\":1,\"name\":\"Startseite\",\"item\":\"https:\\\/\\\/above-beyond.de\\\/\"},{\"@type\":\"ListItem\",\"position\":2,\"name\":\"Kontakt\"}]},{\"@type\":\"WebSite\",\"@id\":\"https:\\\/\\\/above-beyond.de\\\/#website\",\"url\":\"https:\\\/\\\/above-beyond.de\\\/\",\"name\":\"above-beyond.de\",\"description\":\"Transformation &amp; Organisation| Digitalisierung &amp; Technologie |  SAP Consulting | Finanzen | Programm- und Projektmanagement\",\"publisher\":{\"@id\":\"https:\\\/\\\/above-beyond.de\\\/#organization\"},\"alternateName\":\"Above & Beyond\",\"potentialAction\":[{\"@type\":\"SearchAction\",\"target\":{\"@type\":\"EntryPoint\",\"urlTemplate\":\"https:\\\/\\\/above-beyond.de\\\/?s={search_term_string}\"},\"query-input\":{\"@type\":\"PropertyValueSpecification\",\"valueRequired\":true,\"valueName\":\"search_term_string\"}}],\"inLanguage\":\"en-US\"},{\"@type\":\"Organization\",\"@id\":\"https:\\\/\\\/above-beyond.de\\\/#organization\",\"name\":\"Above & Beyond GmbH\",\"alternateName\":\"A&B\",\"url\":\"https:\\\/\\\/above-beyond.de\\\/\",\"logo\":{\"@type\":\"ImageObject\",\"inLanguage\":\"en-US\",\"@id\":\"https:\\\/\\\/above-beyond.de\\\/#\\\/schema\\\/logo\\\/image\\\/\",\"url\":\"https:\\\/\\\/above-beyond.de\\\/wp-content\\\/uploads\\\/2021\\\/08\\\/cropped-above_and_beyond_logo_subline.png\",\"contentUrl\":\"https:\\\/\\\/above-beyond.de\\\/wp-content\\\/uploads\\\/2021\\\/08\\\/cropped-above_and_beyond_logo_subline.png\",\"width\":290,\"height\":115,\"caption\":\"Above & Beyond GmbH\"},\"image\":{\"@id\":\"https:\\\/\\\/above-beyond.de\\\/#\\\/schema\\\/logo\\\/image\\\/\"},\"sameAs\":[\"https:\\\/\\\/www.linkedin.com\\\/company\\\/above-beyond-gmbh\\\/posts\\\/?feedView=all\"]}]}<\/script>\n<!-- \/ Yoast SEO plugin. -->","yoast_head_json":{"title":"Kontakt - A&amp;B","description":"KONTAKT Wie Sie uns erreichen Unternehmen Der Hauptsitz von Above &amp; Beyond liegt in Bielefeld, dem Gr\u00fcndungsort des Unternehmens.F\u00fcr allgemeine","robots":{"index":"index","follow":"follow","max-snippet":"max-snippet:-1","max-image-preview":"max-image-preview:large","max-video-preview":"max-video-preview:-1"},"canonical":"https:\/\/above-beyond.de\/en\/kontakt-ab\/","og_locale":"en_US","og_type":"article","og_title":"Kontakt - A&amp;B","og_description":"KONTAKT Wie Sie uns erreichen Unternehmen Der Hauptsitz von Above &amp; Beyond liegt in Bielefeld, dem Gr\u00fcndungsort des Unternehmens.F\u00fcr allgemeine","og_url":"https:\/\/above-beyond.de\/en\/kontakt-ab\/","og_site_name":"A&amp;B","article_modified_time":"2025-05-06T12:05:21+00:00","og_image":[{"width":426,"height":181,"url":"https:\/\/above-beyond.de\/wp-content\/uploads\/2025\/02\/AB-llooggoo.png","type":"image\/png"}],"twitter_card":"summary_large_image","twitter_misc":{"Est. reading time":"1 minute"},"schema":{"@context":"https:\/\/schema.org","@graph":[{"@type":"WebPage","@id":"https:\/\/above-beyond.de\/kontakt-ab\/","url":"https:\/\/above-beyond.de\/kontakt-ab\/","name":"Kontakt - A&amp;B","isPartOf":{"@id":"https:\/\/above-beyond.de\/#website"},"primaryImageOfPage":{"@id":"https:\/\/above-beyond.de\/kontakt-ab\/#primaryimage"},"image":{"@id":"https:\/\/above-beyond.de\/kontakt-ab\/#primaryimage"},"thumbnailUrl":"https:\/\/above-beyond.de\/wp-content\/uploads\/2025\/02\/AB-llooggoo.png","datePublished":"2025-02-16T17:33:50+00:00","dateModified":"2025-05-06T12:05:21+00:00","description":"KONTAKT Wie Sie uns erreichen Unternehmen Der Hauptsitz von Above &amp; Beyond liegt in Bielefeld, dem Gr\u00fcndungsort des Unternehmens.F\u00fcr allgemeine","breadcrumb":{"@id":"https:\/\/above-beyond.de\/kontakt-ab\/#breadcrumb"},"inLanguage":"en-US","potentialAction":[{"@type":"ReadAction","target":["https:\/\/above-beyond.de\/kontakt-ab\/"]}]},{"@type":"ImageObject","inLanguage":"en-US","@id":"https:\/\/above-beyond.de\/kontakt-ab\/#primaryimage","url":"https:\/\/above-beyond.de\/wp-content\/uploads\/2025\/02\/AB-llooggoo.png","contentUrl":"https:\/\/above-beyond.de\/wp-content\/uploads\/2025\/02\/AB-llooggoo.png"},{"@type":"BreadcrumbList","@id":"https:\/\/above-beyond.de\/kontakt-ab\/#breadcrumb","itemListElement":[{"@type":"ListItem","position":1,"name":"Startseite","item":"https:\/\/above-beyond.de\/"},{"@type":"ListItem","position":2,"name":"Kontakt"}]},{"@type":"WebSite","@id":"https:\/\/above-beyond.de\/#website","url":"https:\/\/above-beyond.de\/","name":"above-beyond.de","description":"Transformation &amp; Organisation| Digitalisierung &amp; Technologie |  SAP Consulting | Finanzen | Programm- und Projektmanagement","publisher":{"@id":"https:\/\/above-beyond.de\/#organization"},"alternateName":"Above & Beyond","potentialAction":[{"@type":"SearchAction","target":{"@type":"EntryPoint","urlTemplate":"https:\/\/above-beyond.de\/?s={search_term_string}"},"query-input":{"@type":"PropertyValueSpecification","valueRequired":true,"valueName":"search_term_string"}}],"inLanguage":"en-US"},{"@type":"Organization","@id":"https:\/\/above-beyond.de\/#organization","name":"Above & Beyond GmbH","alternateName":"A&B","url":"https:\/\/above-beyond.de\/","logo":{"@type":"ImageObject","inLanguage":"en-US","@id":"https:\/\/above-beyond.de\/#\/schema\/logo\/image\/","url":"https:\/\/above-beyond.de\/wp-content\/uploads\/2021\/08\/cropped-above_and_beyond_logo_subline.png","contentUrl":"https:\/\/above-beyond.de\/wp-content\/uploads\/2021\/08\/cropped-above_and_beyond_logo_subline.png","width":290,"height":115,"caption":"Above & Beyond GmbH"},"image":{"@id":"https:\/\/above-beyond.de\/#\/schema\/logo\/image\/"},"sameAs":["https:\/\/www.linkedin.com\/company\/above-beyond-gmbh\/posts\/?feedView=all"]}]}},"_links":{"self":[{"href":"https:\/\/above-beyond.de\/en\/wp-json\/wp\/v2\/pages\/1544","targetHints":{"allow":["GET"]}}],"collection":[{"href":"https:\/\/above-beyond.de\/en\/wp-json\/wp\/v2\/pages"}],"about":[{"href":"https:\/\/above-beyond.de\/en\/wp-json\/wp\/v2\/types\/page"}],"author":[{"embeddable":true,"href":"https:\/\/above-beyond.de\/en\/wp-json\/wp\/v2\/users\/1"}],"replies":[{"embeddable":true,"href":"https:\/\/above-beyond.de\/en\/wp-json\/wp\/v2\/comments?post=1544"}],"version-history":[{"count":58,"href":"https:\/\/above-beyond.de\/en\/wp-json\/wp\/v2\/pages\/1544\/revisions"}],"predecessor-version":[{"id":2201,"href":"https:\/\/above-beyond.de\/en\/wp-json\/wp\/v2\/pages\/1544\/revisions\/2201"}],"wp:attachment":[{"href":"https:\/\/above-beyond.de\/en\/wp-json\/wp\/v2\/media?parent=1544"}],"curies":[{"name":"wp","href":"https:\/\/api.w.org\/{rel}","templated":true}]}}